{"id":212,"date":"2024-10-05T14:49:43","date_gmt":"2024-10-05T12:49:43","guid":{"rendered":"http:\/\/lasensible.com\/?page_id=212"},"modified":"2024-11-28T20:57:24","modified_gmt":"2024-11-28T19:57:24","slug":"leon-du-vent-dans-les-plumes","status":"publish","type":"page","link":"https:\/\/lasensible.com\/?page_id=212","title":{"rendered":""},"content":{"rendered":"\n<h2 class=\"wp-block-heading has-text-align-center has-large-font-size\">LEON, DU VENT DANS LES PLUMES<\/h2>\n\n\n\n<div class=\"wp-block-cover alignfull is-light has-custom-content-position is-position-top-left\"><span aria-hidden=\"true\" class=\"wp-block-cover__background has-background-dim-20 has-background-dim\" style=\"background-color:#6d392d\"><\/span><img loading=\"lazy\" decoding=\"async\" width=\"1601\" height=\"2400\" class=\"wp-block-cover__image-background wp-image-99\" alt=\"\" src=\"https:\/\/lasensible.com\/wp-content\/uploads\/2024\/10\/DSC04120D-OK-web.jpg\" style=\"object-position:42% 39%\" data-object-fit=\"cover\" data-object-position=\"42% 39%\" srcset=\"https:\/\/lasensible.com\/wp-content\/uploads\/2024\/10\/DSC04120D-OK-web.jpg 1601w, https:\/\/lasensible.com\/wp-content\/uploads\/2024\/10\/DSC04120D-OK-web-200x300.jpg 200w, https:\/\/lasensible.com\/wp-content\/uploads\/2024\/10\/DSC04120D-OK-web-683x1024.jpg 683w, https:\/\/lasensible.com\/wp-content\/uploads\/2024\/10\/DSC04120D-OK-web-768x1151.jpg 768w, https:\/\/lasensible.com\/wp-content\/uploads\/2024\/10\/DSC04120D-OK-web-1025x1536.jpg 1025w, https:\/\/lasensible.com\/wp-content\/uploads\/2024\/10\/DSC04120D-OK-web-1366x2048.jpg 1366w, https:\/\/lasensible.com\/wp-content\/uploads\/2024\/10\/DSC04120D-OK-web-40x60.jpg 40w\" sizes=\"auto, (max-width: 1601px) 100vw, 1601px\" \/><div class=\"wp-block-cover__inner-container is-layout-constrained wp-block-cover-is-layout-constrained\">\n<p class=\"has-text-align-center has-large-font-size\"><kbd>Comptines, clown &amp; th\u00e9\u00e2tre \u00e9bouriffant<\/kbd><\/p>\n<\/div><\/div>\n\n\n\n<p><\/p>\n\n\n\n<div class=\"wp-block-columns is-layout-flex wp-container-core-columns-is-layout-9d6595d7 wp-block-columns-is-layout-flex\">\n<div class=\"wp-block-column is-layout-flow wp-block-column-is-layout-flow\" style=\"flex-basis:100%\">\n<div class=\"wp-block-columns is-layout-flex wp-container-core-columns-is-layout-9d6595d7 wp-block-columns-is-layout-flex\">\n<div class=\"wp-block-column is-layout-flow wp-block-column-is-layout-flow\" style=\"flex-basis:100%\">\n<div class=\"wp-block-group\"><div class=\"wp-block-group__inner-container is-layout-constrained wp-block-group-is-layout-constrained\">\n<div class=\"wp-block-columns is-layout-flex wp-container-core-columns-is-layout-9d6595d7 wp-block-columns-is-layout-flex\">\n<div class=\"wp-block-column is-layout-flow wp-block-column-is-layout-flow\">\n<p>A petites foul\u00e9es, L\u00e9on pavane sur sc\u00e8ne. Une mirifique f\u00eate se pr\u00e9pare et il y a fort \u00e0 faire : un costume \u00e0 enfiler, Papy et Mamie \u00e0 inviter, une galette \u00e0 cuisiner\u2026 Mais o\u00f9 est son noeud papillon ?<\/p>\n\n\n\n<p>On croisera du beau monde, des rires et du vent qui d\u00e9coiffe.<\/p>\n\n\n\n<p>Avec une bonne dose de malice, L\u00e9on saute \u00e0 pieds joints dans les livres de Julia Chausson et nous \u00e9clabousse avec humour.&nbsp; Un dr\u00f4le d\u2019oiseau quand m\u00eame ce L\u00e9on !<\/p>\n\n\n\n<p>Version 18 mois &#8211; 4ans : dur\u00e9e 30 minutes \/ Version 2 &#8211; 7 ans : Dur\u00e9e 35 minutes.<\/p>\n<\/div>\n<\/div>\n<\/div><\/div>\n<\/div>\n<\/div>\n\n\n\n<hr class=\"wp-block-separator has-text-color has-luminous-vivid-amber-color has-alpha-channel-opacity has-luminous-vivid-amber-background-color has-background is-style-wide\"\/>\n<\/div>\n<\/div>\n\n\n\n<div class=\"wp-block-columns is-layout-flex wp-container-core-columns-is-layout-9d6595d7 wp-block-columns-is-layout-flex\">\n<div class=\"wp-block-column is-layout-flow wp-block-column-is-layout-flow\" style=\"flex-basis:66.66%\">\n<figure class=\"wp-block-embed is-type-video is-provider-vimeo wp-block-embed-vimeo wp-embed-aspect-16-9 wp-has-aspect-ratio\"><div class=\"wp-block-embed__wrapper\">\n<iframe loading=\"lazy\" title=\"L\u00e9on, du vent dans les plumes\" src=\"https:\/\/player.vimeo.com\/video\/670605239?dnt=1&amp;app_id=122963\" width=\"840\" height=\"473\" frameborder=\"0\" allow=\"autoplay; fullscreen; picture-in-picture; clipboard-write; encrypted-media\"><\/iframe>\n<\/div><\/figure>\n<\/div>\n\n\n\n<div class=\"wp-block-column is-layout-flow wp-block-column-is-layout-flow\" style=\"flex-basis:33.33%\">\n<p>Avec Elsa Chausson<\/p>\n\n\n\n<p><\/p>\n\n\n\n<p>Mise en sc\u00e8ne : Julia Chausson <\/p>\n\n\n\n<p>Costumi\u00e8re : Delphine Desnus <\/p>\n\n\n\n<p>Construction des boites : Mart\u00edn V\u00e1squez<\/p>\n\n\n\n<p><\/p>\n<\/div>\n<\/div>\n\n\n\n<hr class=\"wp-block-separator has-text-color has-luminous-vivid-amber-color has-alpha-channel-opacity has-luminous-vivid-amber-background-color has-background is-style-wide\"\/>\n\n\n<style id=\"wp_carousel_dynamic_css53\">#sp-wp-carousel-free-id-53.sp-wpcp-53 .wpcp-single-item {border: 1px solid #dddddd;}#sp-wp-carousel-free-id-53.sp-wpcp-53 .swiper-button-prev,#sp-wp-carousel-free-id-53.sp-wpcp-53 .swiper-button-next,#sp-wp-carousel-free-id-53.sp-wpcp-53 .swiper-button-prev:hover,#sp-wp-carousel-free-id-53.sp-wpcp-53 .swiper-button-next:hover {background: none;border: none;font-size: 30px;}#sp-wp-carousel-free-id-53.sp-wpcp-53 .swiper-button-prev i,#sp-wp-carousel-free-id-53.sp-wpcp-53 .swiper-button-next i {color: #aaa;}#sp-wp-carousel-free-id-53.sp-wpcp-53 .swiper-button-prev i:hover,#sp-wp-carousel-free-id-53.sp-wpcp-53 .swiper-button-next i:hover {color: #178087;}#sp-wp-carousel-free-id-53.sp-wpcp-53 .wpcp-swiper-dots .swiper-pagination-bullet {background-color: #cccccc;}#sp-wp-carousel-free-id-53.sp-wpcp-53 .wpcp-swiper-dots .swiper-pagination-bullet.swiper-pagination-bullet-active {background-color: #178087;} #sp-wp-carousel-free-id-53.sp-wpcp-53.wpcp-image-carousel .wpcp-single-item:hover img, #sp-wp-carousel-free-id-53.sp-wpcp-53.wpcp-post-carousel .wpcp-single-item:hover img, #sp-wp-carousel-free-id-53.sp-wpcp-53.wpcp-product-carousel .wpcp-single-item:hover img{-webkit-transform: scale(1.2);-moz-transform: scale(1.2);transform: scale(1.2);}#sp-wp-carousel-free-id-53 .wpcpro-row>[class*=\"wpcpro-col-\"] { padding: 0 10px; padding-bottom: 20px;}@media (min-width: 480px) { .wpcpro-row .wpcpro-col-sm-1 { flex: 0 0 100%; max-width: 100%; } .wpcpro-row .wpcpro-col-sm-2 { flex: 0 0 50%; max-width: 50%; } .wpcpro-row .wpcpro-col-sm-2-5 { flex: 0 0 75%; max-width: 75%; } .wpcpro-row .wpcpro-col-sm-3 { flex: 0 0 33.333%; max-width: 33.333%; } .wpcpro-row .wpcpro-col-sm-4 { flex: 0 0 25%; max-width: 25%; } .wpcpro-row .wpcpro-col-sm-5 { flex: 0 0 20%; max-width: 20%; } .wpcpro-row .wpcpro-col-sm-6 { flex: 0 0 16.66666666666667%; max-width: 16.66666666666667%; } .wpcpro-row .wpcpro-col-sm-7 { flex: 0 0 14.28571428%; max-width: 14.28571428%; } .wpcpro-row .wpcpro-col-sm-8 { flex: 0 0 12.5%; max-width: 12.5%; } } @media (max-width: 480px) { .wpcpro-row .wpcpro-col-xs-1 { flex: 0 0 100%; max-width: 100%; } .wpcpro-row .wpcpro-col-xs-2 { flex: 0 0 50%; max-width: 50%; } .wpcpro-row .wpcpro-col-xs-3 { flex: 0 0 33.222%; max-width: 33.222%; } .wpcpro-row .wpcpro-col-xs-4 { flex: 0 0 25%; max-width: 25%; } .wpcpro-row .wpcpro-col-xs-5 { flex: 0 0 20%; max-width: 20%; } .wpcpro-row .wpcpro-col-xs-6 { flex: 0 0 16.6667%; max-width: 16.6667%; } .wpcpro-row .wpcpro-col-xs-7 { flex: 0 0 14.28571428%; max-width: 14.28571428%; } .wpcpro-row .wpcpro-col-xs-8 { flex: 0 0 12.5%; max-width: 12.5%; } } @media (min-width: 736px) { .wpcpro-row .wpcpro-col-md-1 { flex: 0 0 100%; max-width: 100%; } .wpcpro-row .wpcpro-col-md-2 { flex: 0 0 50%; max-width: 50%; } .wpcpro-row .wpcpro-col-md-2-5 { flex: 0 0 75%; max-width: 75%; } .wpcpro-row .wpcpro-col-md-3 { flex: 0 0 33.333%; max-width: 33.333%; } .wpcpro-row .wpcpro-col-md-4 { flex: 0 0 25%; max-width: 25%; } .wpcpro-row .wpcpro-col-md-5 { flex: 0 0 20%; max-width: 20%; } .wpcpro-row .wpcpro-col-md-6 { flex: 0 0 16.66666666666667%; max-width: 16.66666666666667%; } .wpcpro-row .wpcpro-col-md-7 { flex: 0 0 14.28571428%; max-width: 14.28571428%; } .wpcpro-row .wpcpro-col-md-8 { flex: 0 0 12.5%; max-width: 12.5%; } } @media (min-width: 980px) { .wpcpro-row .wpcpro-col-lg-1 { flex: 0 0 100%; max-width: 100%; } .wpcpro-row .wpcpro-col-lg-2 { flex: 0 0 50%; max-width: 50%; } .wpcpro-row .wpcpro-col-lg-3 { flex: 0 0 33.222%; max-width: 33.222%; } .wpcpro-row .wpcpro-col-lg-4 { flex: 0 0 25%; max-width: 25%; } .wpcpro-row .wpcpro-col-lg-5 { flex: 0 0 20%; max-width: 20%; } .wpcpro-row .wpcpro-col-lg-6 { flex: 0 0 16.6667%; max-width: 16.6667%; } .wpcpro-row .wpcpro-col-lg-7 { flex: 0 0 14.28571428%; max-width: 14.28571428%; } .wpcpro-row .wpcpro-col-lg-8 { flex: 0 0 12.5%; max-width: 12.5%; } } @media (min-width: 1200px) { .wpcpro-row .wpcpro-col-xl-1 { flex: 0 0 100%; max-width: 100%; } .wpcpro-row .wpcpro-col-xl-2 { flex: 0 0 50%; max-width: 50%; } .wpcpro-row .wpcpro-col-xl-3 { flex: 0 0 33.22222222%; max-width: 33.22222222%; } .wpcpro-row .wpcpro-col-xl-4 { flex: 0 0 25%; max-width: 25%; } .wpcpro-row .wpcpro-col-xl-5 { flex: 0 0 20%; max-width: 20%; } .wpcpro-row .wpcpro-col-xl-6 { flex: 0 0 16.66667%; max-width: 16.66667%; } .wpcpro-row .wpcpro-col-xl-7 { flex: 0 0 14.28571428%; max-width: 14.28571428%; } .wpcpro-row .wpcpro-col-xl-8 { flex: 0 0 12.5%; max-width: 12.5%; } }<\/style><div class=\"wpcp-carousel-wrapper wpcp-wrapper-53\">\n\t<div id=\"wpcp-preloader-53\" class=\"wpcp-carousel-preloader\"><img decoding=\"async\" src=\"https:\/\/lasensible.com\/wp-content\/plugins\/wp-carousel-free\/public\/css\/spinner.svg\" alt=\"Preloader Image\" \/><\/div>\t<div class=\"wpcp-carousel-content-wrapper\">\n\t<div id=\"sp-wp-carousel-free-id-53\" class=\"wpcp-carousel-section sp-wpcp-53  nav-vertical-center wpcp-image-carousel wpcp-preloader wpcp-standard\" data-swiper='{ &quot;accessibility&quot;:true, &quot;spaceBetween&quot;:20, &quot;arrows&quot;:true, &quot;freeMode&quot;: false, &quot;autoplay&quot;:true, &quot;autoplaySpeed&quot;:3000, &quot;dots&quot;:true, &quot;infinite&quot;:true, &quot;speed&quot;:600, &quot;pauseOnHover&quot;:true,\n\t\t\t&quot;slidesToShow&quot;:{&quot;lg_desktop&quot;:5, &quot;desktop&quot;: 4, &quot;laptop&quot;: 3, &quot;tablet&quot;: 2, &quot;mobile&quot;: 1}, &quot;responsive&quot;:{&quot;desktop&quot;:1200, &quot;laptop&quot;: 980, &quot;tablet&quot;: 736, &quot;mobile&quot;: 480}, &quot;rtl&quot;:false, &quot;lazyLoad&quot;: &quot;false&quot;, &quot;swipe&quot;: true, &quot;draggable&quot;: true, &quot;swipeToSlide&quot;:false }' dir=\"ltr\">\n\t\t<div class=\"swiper-wrapper\">\n\t\t<div class=\"swiper-slide\">\n\t<div class=\"wpcp-single-item\">\n\t\t\t<a class=\"wcp-light-box\" data-buttons='[\"close\"]' data-wpc_url='https:\/\/lasensible.com\/wp-content\/uploads\/2024\/10\/DSC03916D-OK-683x1024.jpg' href=\"https:\/\/lasensible.com\/wp-content\/uploads\/2024\/10\/DSC03916D-OK-683x1024.jpg\" data-fancybox=\"wpcp_view\">\n\t\t<figure>\n\t\t\t<img loading=\"lazy\" decoding=\"async\" class=\"skip-lazy\" src=\"https:\/\/lasensible.com\/wp-content\/uploads\/2024\/10\/DSC03916D-OK-683x1024.jpg\" alt=\"DSC03916D-OK\" width=\"683\" height=\"1024\">\t\t<\/figure>\n\t<\/a>\n\t\t<\/div>\n<\/div>\n\t<div class=\"swiper-slide\">\n\t<div class=\"wpcp-single-item\">\n\t\t\t<a class=\"wcp-light-box\" data-buttons='[\"close\"]' data-wpc_url='https:\/\/lasensible.com\/wp-content\/uploads\/2024\/10\/DSC03658D-OK-1024x683.jpg' href=\"https:\/\/lasensible.com\/wp-content\/uploads\/2024\/10\/DSC03658D-OK-1024x683.jpg\" data-fancybox=\"wpcp_view\">\n\t\t<figure>\n\t\t\t<img loading=\"lazy\" decoding=\"async\" class=\"skip-lazy\" src=\"https:\/\/lasensible.com\/wp-content\/uploads\/2024\/10\/DSC03658D-OK-1024x683.jpg\" alt=\"DSC03658D-OK\" width=\"840\" height=\"560\">\t\t<\/figure>\n\t<\/a>\n\t\t<\/div>\n<\/div>\n\t<div class=\"swiper-slide\">\n\t<div class=\"wpcp-single-item\">\n\t\t\t<a class=\"wcp-light-box\" data-buttons='[\"close\"]' data-wpc_url='https:\/\/lasensible.com\/wp-content\/uploads\/2024\/10\/DSC03676D-OK-1024x683.jpg' href=\"https:\/\/lasensible.com\/wp-content\/uploads\/2024\/10\/DSC03676D-OK-1024x683.jpg\" data-fancybox=\"wpcp_view\">\n\t\t<figure>\n\t\t\t<img loading=\"lazy\" decoding=\"async\" class=\"skip-lazy\" src=\"https:\/\/lasensible.com\/wp-content\/uploads\/2024\/10\/DSC03676D-OK-1024x683.jpg\" alt=\"DSC03676D-OK\" width=\"840\" height=\"560\">\t\t<\/figure>\n\t<\/a>\n\t\t<\/div>\n<\/div>\n\t<div class=\"swiper-slide\">\n\t<div class=\"wpcp-single-item\">\n\t\t\t<a class=\"wcp-light-box\" data-buttons='[\"close\"]' data-wpc_url='https:\/\/lasensible.com\/wp-content\/uploads\/2024\/10\/DSC03729D-web-683x1024.jpg' href=\"https:\/\/lasensible.com\/wp-content\/uploads\/2024\/10\/DSC03729D-web-683x1024.jpg\" data-fancybox=\"wpcp_view\">\n\t\t<figure>\n\t\t\t<img loading=\"lazy\" decoding=\"async\" class=\"skip-lazy\" src=\"https:\/\/lasensible.com\/wp-content\/uploads\/2024\/10\/DSC03729D-web-683x1024.jpg\" alt=\"DSC03729D-web\" width=\"683\" height=\"1024\">\t\t<\/figure>\n\t<\/a>\n\t\t<\/div>\n<\/div>\n\t<div class=\"swiper-slide\">\n\t<div class=\"wpcp-single-item\">\n\t\t\t<a class=\"wcp-light-box\" data-buttons='[\"close\"]' data-wpc_url='https:\/\/lasensible.com\/wp-content\/uploads\/2024\/10\/DSC03711D-OK-1024x683.jpg' href=\"https:\/\/lasensible.com\/wp-content\/uploads\/2024\/10\/DSC03711D-OK-1024x683.jpg\" data-fancybox=\"wpcp_view\">\n\t\t<figure>\n\t\t\t<img loading=\"lazy\" decoding=\"async\" class=\"skip-lazy\" src=\"https:\/\/lasensible.com\/wp-content\/uploads\/2024\/10\/DSC03711D-OK-1024x683.jpg\" alt=\"DSC03711D-OK\" width=\"840\" height=\"560\">\t\t<\/figure>\n\t<\/a>\n\t\t<\/div>\n<\/div>\n\t<div class=\"swiper-slide\">\n\t<div class=\"wpcp-single-item\">\n\t\t\t<a class=\"wcp-light-box\" data-buttons='[\"close\"]' data-wpc_url='https:\/\/lasensible.com\/wp-content\/uploads\/2024\/10\/DSC03964D-OK-web-683x1024.jpg' href=\"https:\/\/lasensible.com\/wp-content\/uploads\/2024\/10\/DSC03964D-OK-web-683x1024.jpg\" data-fancybox=\"wpcp_view\">\n\t\t<figure>\n\t\t\t<img loading=\"lazy\" decoding=\"async\" class=\"skip-lazy\" src=\"https:\/\/lasensible.com\/wp-content\/uploads\/2024\/10\/DSC03964D-OK-web-683x1024.jpg\" alt=\"DSC03964D-OK-web\" width=\"683\" height=\"1024\">\t\t<\/figure>\n\t<\/a>\n\t\t<\/div>\n<\/div>\n\t<div class=\"swiper-slide\">\n\t<div class=\"wpcp-single-item\">\n\t\t\t<a class=\"wcp-light-box\" data-buttons='[\"close\"]' data-wpc_url='https:\/\/lasensible.com\/wp-content\/uploads\/2024\/10\/DSC04092D-OK-683x1024.jpg' href=\"https:\/\/lasensible.com\/wp-content\/uploads\/2024\/10\/DSC04092D-OK-683x1024.jpg\" data-fancybox=\"wpcp_view\">\n\t\t<figure>\n\t\t\t<img loading=\"lazy\" decoding=\"async\" class=\"skip-lazy\" src=\"https:\/\/lasensible.com\/wp-content\/uploads\/2024\/10\/DSC04092D-OK-683x1024.jpg\" alt=\"DSC04092D-OK\" width=\"683\" height=\"1024\">\t\t<\/figure>\n\t<\/a>\n\t\t<\/div>\n<\/div>\n\t<div class=\"swiper-slide\">\n\t<div class=\"wpcp-single-item\">\n\t\t\t<a class=\"wcp-light-box\" data-buttons='[\"close\"]' data-wpc_url='https:\/\/lasensible.com\/wp-content\/uploads\/2024\/10\/DSC04120D-OK-683x1024.jpg' href=\"https:\/\/lasensible.com\/wp-content\/uploads\/2024\/10\/DSC04120D-OK-683x1024.jpg\" data-fancybox=\"wpcp_view\">\n\t\t<figure>\n\t\t\t<img loading=\"lazy\" decoding=\"async\" class=\"skip-lazy\" src=\"https:\/\/lasensible.com\/wp-content\/uploads\/2024\/10\/DSC04120D-OK-683x1024.jpg\" alt=\"DSC04120D-OK\" width=\"683\" height=\"1024\">\t\t<\/figure>\n\t<\/a>\n\t\t<\/div>\n<\/div>\n\t<div class=\"swiper-slide\">\n\t<div class=\"wpcp-single-item\">\n\t\t\t<a class=\"wcp-light-box\" data-buttons='[\"close\"]' data-wpc_url='https:\/\/lasensible.com\/wp-content\/uploads\/2024\/10\/DSC04003D-OK-web-683x1024.jpg' href=\"https:\/\/lasensible.com\/wp-content\/uploads\/2024\/10\/DSC04003D-OK-web-683x1024.jpg\" data-fancybox=\"wpcp_view\">\n\t\t<figure>\n\t\t\t<img loading=\"lazy\" decoding=\"async\" class=\"skip-lazy\" src=\"https:\/\/lasensible.com\/wp-content\/uploads\/2024\/10\/DSC04003D-OK-web-683x1024.jpg\" alt=\"DSC04003D-OK-web\" width=\"683\" height=\"1024\">\t\t<\/figure>\n\t<\/a>\n\t\t<\/div>\n<\/div>\n\t<div class=\"swiper-slide\">\n\t<div class=\"wpcp-single-item\">\n\t\t\t<a class=\"wcp-light-box\" data-buttons='[\"close\"]' data-wpc_url='https:\/\/lasensible.com\/wp-content\/uploads\/2024\/10\/DSC03883D-OK-web-683x1024.jpg' href=\"https:\/\/lasensible.com\/wp-content\/uploads\/2024\/10\/DSC03883D-OK-web-683x1024.jpg\" data-fancybox=\"wpcp_view\">\n\t\t<figure>\n\t\t\t<img loading=\"lazy\" decoding=\"async\" class=\"skip-lazy\" src=\"https:\/\/lasensible.com\/wp-content\/uploads\/2024\/10\/DSC03883D-OK-web-683x1024.jpg\" alt=\"DSC03883D-OK-web\" width=\"683\" height=\"1024\">\t\t<\/figure>\n\t<\/a>\n\t\t<\/div>\n<\/div>\n\t<div class=\"swiper-slide\">\n\t<div class=\"wpcp-single-item\">\n\t\t\t<a class=\"wcp-light-box\" data-buttons='[\"close\"]' data-wpc_url='https:\/\/lasensible.com\/wp-content\/uploads\/2024\/10\/DSC03886D-OK-web-683x1024.jpg' href=\"https:\/\/lasensible.com\/wp-content\/uploads\/2024\/10\/DSC03886D-OK-web-683x1024.jpg\" data-fancybox=\"wpcp_view\">\n\t\t<figure>\n\t\t\t<img loading=\"lazy\" decoding=\"async\" class=\"skip-lazy\" src=\"https:\/\/lasensible.com\/wp-content\/uploads\/2024\/10\/DSC03886D-OK-web-683x1024.jpg\" alt=\"DSC03886D-OK-web\" width=\"683\" height=\"1024\">\t\t<\/figure>\n\t<\/a>\n\t\t<\/div>\n<\/div>\n\t\t\t<\/div>\n\t\t\t\t\t<div class=\"wpcp-swiper-dots swiper-pagination\"><\/div>\n\t\t\t\t<!-- If we need navigation buttons -->\n\t\t\t\t\t<div class=\"wpcp-prev-button swiper-button-prev\"><i class=\"fa fa-angle-left\"><\/i><\/div>\n\t\t\t<div class=\"wpcp-next-button swiper-button-next\"><i class=\"fa fa-angle-right\"><\/i><\/div>\n\t\t\t<\/div>\n\t<\/div>\n<\/div>\n\n\n\n\n<hr class=\"wp-block-separator has-text-color has-luminous-vivid-amber-color has-alpha-channel-opacity has-luminous-vivid-amber-background-color has-background is-style-wide\"\/>\n\n\n\n<div class=\"wp-block-media-text is-stacked-on-mobile\"><figure class=\"wp-block-media-text__media\"><img loading=\"lazy\" decoding=\"async\" width=\"724\" height=\"1024\" src=\"https:\/\/lasensible.com\/wp-content\/uploads\/2024\/10\/Leon-Affiche-2022-A4-1-724x1024.jpg\" alt=\"\" class=\"wp-image-109 size-full\" srcset=\"https:\/\/lasensible.com\/wp-content\/uploads\/2024\/10\/Leon-Affiche-2022-A4-1-724x1024.jpg 724w, https:\/\/lasensible.com\/wp-content\/uploads\/2024\/10\/Leon-Affiche-2022-A4-1-212x300.jpg 212w, https:\/\/lasensible.com\/wp-content\/uploads\/2024\/10\/Leon-Affiche-2022-A4-1-768x1086.jpg 768w, https:\/\/lasensible.com\/wp-content\/uploads\/2024\/10\/Leon-Affiche-2022-A4-1-1086x1536.jpg 1086w, https:\/\/lasensible.com\/wp-content\/uploads\/2024\/10\/Leon-Affiche-2022-A4-1-1448x2048.jpg 1448w, https:\/\/lasensible.com\/wp-content\/uploads\/2024\/10\/Leon-Affiche-2022-A4-1-42x60.jpg 42w, https:\/\/lasensible.com\/wp-content\/uploads\/2024\/10\/Leon-Affiche-2022-A4-1-scaled.jpg 1810w\" sizes=\"auto, (max-width: 724px) 100vw, 724px\" \/><\/figure><div class=\"wp-block-media-text__content\">\n<p><strong>Production<\/strong> : Cie La Sensible<\/p>\n\n\n\n<p><strong>Soutiens<\/strong> : La Ville de Tours \/ Label RAYONS FRAIS ; l\u2019Echalier, Atelier de fabrique artistique \/ Saint Agil. Aide \u00e0 la r\u00e9sidence de la DRAC Centre Val de Loire \/ Communaut\u00e9 de communes Val de cher Controis et de la r\u00e9gion Centre<\/p>\n\n\n\n<p><strong>Accueillis en r\u00e9sidence<\/strong> au Th\u00e9\u00e2tre aux mains nues (Paris), \u00e0 l\u2019Echalier (Saint Agil), \u00e0 l\u2019Espace Jacques Villeret (Tours), au pr\u00e9ambule (Barrou) et \u00e0 la Louhenrie- R\u00e9sidence d\u2019artistes (Pouill\u00e9)<\/p>\n<\/div><\/div>\n\n\n\n<hr class=\"wp-block-separator has-text-color has-luminous-vivid-amber-color has-alpha-channel-opacity has-luminous-vivid-amber-background-color has-background is-style-wide\"\/>\n\n\n\n<p class=\"has-small-font-size\"><strong>Documents pros \u00e0 t\u00e9l\u00e9charger<\/strong><\/p>\n\n\n\n<p class=\"has-small-font-size\"><a href=\"https:\/\/lasensible.com\/wp-content\/uploads\/2024\/10\/Leon-Plaquette-2024-web-1.pdf\">Dossier de presse<\/a><\/p>\n\n\n\n<p class=\"has-small-font-size\"><a href=\"https:\/\/lasensible.com\/wp-content\/uploads\/2024\/10\/Leon-FT-2024-1.pdf\">Fiche technique<\/a><\/p>\n\n\n\n<p class=\"has-small-font-size\">Affiche et Photos HD<\/p>\n\n\n\n<p><\/p>\n\n\n\n<div class=\"wp-block-buttons is-content-justification-center is-layout-flex wp-container-core-buttons-is-layout-16018d1d wp-block-buttons-is-layout-flex\">\n<div class=\"wp-block-button\"><a class=\"wp-block-button__link wp-element-button\" href=\"https:\/\/lasensible.com\/?page_id=7\">Contacts<\/a><\/div>\n\n\n\n<div class=\"wp-block-button\"><a class=\"wp-block-button__link wp-element-button\" href=\"https:\/\/lasensible.com\/?page_id=266\">Calendrier<\/a><\/div>\n<\/div>\n\n\n\n<p><\/p>\n","protected":false},"excerpt":{"rendered":"<p>LEON, DU VENT DANS LES PLUMES A petites foul\u00e9es, L\u00e9on pavane sur sc\u00e8ne. Une mirifique f\u00eate se pr\u00e9pare et il y a fort \u00e0 faire &hellip; <\/p>\n","protected":false},"author":1,"featured_media":0,"parent":0,"menu_order":0,"comment_status":"closed","ping_status":"closed","template":"","meta":{"footnotes":""},"class_list":["post-212","page","type-page","status-publish","hentry","latest_post"],"_links":{"self":[{"href":"https:\/\/lasensible.com\/index.php?rest_route=\/wp\/v2\/pages\/212","targetHints":{"allow":["GET"]}}],"collection":[{"href":"https:\/\/lasensible.com\/index.php?rest_route=\/wp\/v2\/pages"}],"about":[{"href":"https:\/\/lasensible.com\/index.php?rest_route=\/wp\/v2\/types\/page"}],"author":[{"embeddable":true,"href":"https:\/\/lasensible.com\/index.php?rest_route=\/wp\/v2\/users\/1"}],"replies":[{"embeddable":true,"href":"https:\/\/lasensible.com\/index.php?rest_route=%2Fwp%2Fv2%2Fcomments&post=212"}],"version-history":[{"count":12,"href":"https:\/\/lasensible.com\/index.php?rest_route=\/wp\/v2\/pages\/212\/revisions"}],"predecessor-version":[{"id":472,"href":"https:\/\/lasensible.com\/index.php?rest_route=\/wp\/v2\/pages\/212\/revisions\/472"}],"wp:attachment":[{"href":"https:\/\/lasensible.com\/index.php?rest_route=%2Fwp%2Fv2%2Fmedia&parent=212"}],"curies":[{"name":"wp","href":"https:\/\/api.w.org\/{rel}","templated":true}]}}