{"id":248,"date":"2024-10-06T08:54:50","date_gmt":"2024-10-06T06:54:50","guid":{"rendered":"http:\/\/lasensible.com\/?page_id=248"},"modified":"2025-02-20T10:30:52","modified_gmt":"2025-02-20T09:30:52","slug":"cabaretto","status":"publish","type":"page","link":"https:\/\/lasensible.com\/?page_id=248","title":{"rendered":""},"content":{"rendered":"\n<h2 class=\"wp-block-heading has-text-align-center\">CabarettO<\/h2>\n\n\n\n<figure class=\"wp-block-image size-large\"><img loading=\"lazy\" decoding=\"async\" width=\"1024\" height=\"683\" src=\"https:\/\/lasensible.com\/wp-content\/uploads\/2024\/10\/CabarettO-1-\u00a9DMugica-1024x683.jpg\" alt=\"\" class=\"wp-image-77\" srcset=\"https:\/\/lasensible.com\/wp-content\/uploads\/2024\/10\/CabarettO-1-\u00a9DMugica-1024x683.jpg 1024w, https:\/\/lasensible.com\/wp-content\/uploads\/2024\/10\/CabarettO-1-\u00a9DMugica-300x200.jpg 300w, https:\/\/lasensible.com\/wp-content\/uploads\/2024\/10\/CabarettO-1-\u00a9DMugica-768x512.jpg 768w, https:\/\/lasensible.com\/wp-content\/uploads\/2024\/10\/CabarettO-1-\u00a9DMugica-1536x1024.jpg 1536w, https:\/\/lasensible.com\/wp-content\/uploads\/2024\/10\/CabarettO-1-\u00a9DMugica-2048x1365.jpg 2048w, https:\/\/lasensible.com\/wp-content\/uploads\/2024\/10\/CabarettO-1-\u00a9DMugica-90x60.jpg 90w, https:\/\/lasensible.com\/wp-content\/uploads\/2024\/10\/CabarettO-1-\u00a9DMugica-420x280.jpg 420w\" sizes=\"auto, (max-width: 1024px) 100vw, 1024px\" \/><figcaption class=\"wp-element-caption\">\u00a9DMugica<\/figcaption><\/figure>\n\n\n\n<div class=\"wp-block-columns is-layout-flex wp-container-core-columns-is-layout-9d6595d7 wp-block-columns-is-layout-flex\">\n<div class=\"wp-block-column is-layout-flow wp-block-column-is-layout-flow\" style=\"flex-basis:100%\">\n<div class=\"wp-block-columns is-layout-flex wp-container-core-columns-is-layout-9d6595d7 wp-block-columns-is-layout-flex\">\n<div class=\"wp-block-column is-layout-flow wp-block-column-is-layout-flow\" style=\"flex-basis:100%\">\n<div class=\"wp-block-group\"><div class=\"wp-block-group__inner-container is-layout-constrained wp-block-group-is-layout-constrained\">\n<div class=\"wp-block-columns is-layout-flex wp-container-core-columns-is-layout-9d6595d7 wp-block-columns-is-layout-flex\">\n<div class=\"wp-block-column is-layout-flow wp-block-column-is-layout-flow\">\n<p>&nbsp;<br>Deux individus, explosif m\u00e9lange de clown et de mime, explorent un monde sans parole. Musique et p\u00e9tales de fleurs accompagnent ce moment \u00e0 la fois dr\u00f4le et po\u00e9tique.<\/p>\n\n\n\n<p>Voici l&rsquo;histoire sinc\u00e8re de deux vagabonds, de passage par votre village. La vie d&rsquo;un cirque de poche et sa piste magique. Cette piste, faite de paille de feuille ou de cailloux glan\u00e9s le long des routes, parle de notre errance et dessine le chemin de nos existences. Dans son cercle s&rsquo;allume l&rsquo;\u00e9tincelle du spectacle, la complicit\u00e9 de nos deux saltimbanques, pour que la com\u00e9die humaine en soit exalt\u00e9e.<\/p>\n\n\n\n<p>Rapprochez-vous encore un peu, laissez-vous prendre au jeu, osez-vous laissez surprendre.<\/p>\n\n\n\n<p>Place \u00e0 l&rsquo;absurditum contagium et sa m\u00e9nagerie de l&rsquo;\u00e9trange.<\/p>\n\n\n\n<p>Vous d\u00e9couvrirez tr\u00e8s certainement un \u00e2ne plus t\u00eatu qu&rsquo;une m\u00fble, un cheval fant\u00f4me qui \u00e9chappe au bon entendement, La Muerte \u00ab\u00a0Catarina \u00ab\u00a0, le clown Pirulo et Samski le musicien&#8230;&nbsp;<\/p>\n\n\n\n<p>Aiguisez vos oreilles, allumez vos mirettes et lib\u00e9rez vos zigomatics&rsquo; : le cabarettO entre dans la danse. <\/p>\n\n\n\n<p>Dur\u00e9e 55 minutes, tout public.<\/p>\n<\/div>\n<\/div>\n<\/div><\/div>\n<\/div>\n<\/div>\n<\/div>\n<\/div>\n\n\n\n<hr class=\"wp-block-separator has-text-color has-vivid-red-color has-alpha-channel-opacity has-vivid-red-background-color has-background is-style-wide\"\/>\n\n\n<style id=\"wp_carousel_dynamic_css74\">#sp-wp-carousel-free-id-74.sp-wpcp-74 .wpcp-single-item {border: 1px solid #dddddd;}#sp-wp-carousel-free-id-74.sp-wpcp-74 .swiper-button-prev,#sp-wp-carousel-free-id-74.sp-wpcp-74 .swiper-button-next,#sp-wp-carousel-free-id-74.sp-wpcp-74 .swiper-button-prev:hover,#sp-wp-carousel-free-id-74.sp-wpcp-74 .swiper-button-next:hover {background: none;border: none;font-size: 30px;}#sp-wp-carousel-free-id-74.sp-wpcp-74 .swiper-button-prev i,#sp-wp-carousel-free-id-74.sp-wpcp-74 .swiper-button-next i {color: #aaa;}#sp-wp-carousel-free-id-74.sp-wpcp-74 .swiper-button-prev i:hover,#sp-wp-carousel-free-id-74.sp-wpcp-74 .swiper-button-next i:hover {color: #178087;}#sp-wp-carousel-free-id-74.sp-wpcp-74 .wpcp-swiper-dots .swiper-pagination-bullet {background-color: #cccccc;}#sp-wp-carousel-free-id-74.sp-wpcp-74 .wpcp-swiper-dots .swiper-pagination-bullet.swiper-pagination-bullet-active {background-color: #178087;} #sp-wp-carousel-free-id-74.sp-wpcp-74.wpcp-image-carousel .wpcp-single-item:hover img, #sp-wp-carousel-free-id-74.sp-wpcp-74.wpcp-post-carousel .wpcp-single-item:hover img, #sp-wp-carousel-free-id-74.sp-wpcp-74.wpcp-product-carousel .wpcp-single-item:hover img{-webkit-transform: scale(1.2);-moz-transform: scale(1.2);transform: scale(1.2);}#sp-wp-carousel-free-id-74 .wpcpro-row>[class*=\"wpcpro-col-\"] { padding: 0 10px; padding-bottom: 20px;}@media (min-width: 480px) { .wpcpro-row .wpcpro-col-sm-1 { flex: 0 0 100%; max-width: 100%; } .wpcpro-row .wpcpro-col-sm-2 { flex: 0 0 50%; max-width: 50%; } .wpcpro-row .wpcpro-col-sm-2-5 { flex: 0 0 75%; max-width: 75%; } .wpcpro-row .wpcpro-col-sm-3 { flex: 0 0 33.333%; max-width: 33.333%; } .wpcpro-row .wpcpro-col-sm-4 { flex: 0 0 25%; max-width: 25%; } .wpcpro-row .wpcpro-col-sm-5 { flex: 0 0 20%; max-width: 20%; } .wpcpro-row .wpcpro-col-sm-6 { flex: 0 0 16.66666666666667%; max-width: 16.66666666666667%; } .wpcpro-row .wpcpro-col-sm-7 { flex: 0 0 14.28571428%; max-width: 14.28571428%; } .wpcpro-row .wpcpro-col-sm-8 { flex: 0 0 12.5%; max-width: 12.5%; } } @media (max-width: 480px) { .wpcpro-row .wpcpro-col-xs-1 { flex: 0 0 100%; max-width: 100%; } .wpcpro-row .wpcpro-col-xs-2 { flex: 0 0 50%; max-width: 50%; } .wpcpro-row .wpcpro-col-xs-3 { flex: 0 0 33.222%; max-width: 33.222%; } .wpcpro-row .wpcpro-col-xs-4 { flex: 0 0 25%; max-width: 25%; } .wpcpro-row .wpcpro-col-xs-5 { flex: 0 0 20%; max-width: 20%; } .wpcpro-row .wpcpro-col-xs-6 { flex: 0 0 16.6667%; max-width: 16.6667%; } .wpcpro-row .wpcpro-col-xs-7 { flex: 0 0 14.28571428%; max-width: 14.28571428%; } .wpcpro-row .wpcpro-col-xs-8 { flex: 0 0 12.5%; max-width: 12.5%; } } @media (min-width: 736px) { .wpcpro-row .wpcpro-col-md-1 { flex: 0 0 100%; max-width: 100%; } .wpcpro-row .wpcpro-col-md-2 { flex: 0 0 50%; max-width: 50%; } .wpcpro-row .wpcpro-col-md-2-5 { flex: 0 0 75%; max-width: 75%; } .wpcpro-row .wpcpro-col-md-3 { flex: 0 0 33.333%; max-width: 33.333%; } .wpcpro-row .wpcpro-col-md-4 { flex: 0 0 25%; max-width: 25%; } .wpcpro-row .wpcpro-col-md-5 { flex: 0 0 20%; max-width: 20%; } .wpcpro-row .wpcpro-col-md-6 { flex: 0 0 16.66666666666667%; max-width: 16.66666666666667%; } .wpcpro-row .wpcpro-col-md-7 { flex: 0 0 14.28571428%; max-width: 14.28571428%; } .wpcpro-row .wpcpro-col-md-8 { flex: 0 0 12.5%; max-width: 12.5%; } } @media (min-width: 980px) { .wpcpro-row .wpcpro-col-lg-1 { flex: 0 0 100%; max-width: 100%; } .wpcpro-row .wpcpro-col-lg-2 { flex: 0 0 50%; max-width: 50%; } .wpcpro-row .wpcpro-col-lg-3 { flex: 0 0 33.222%; max-width: 33.222%; } .wpcpro-row .wpcpro-col-lg-4 { flex: 0 0 25%; max-width: 25%; } .wpcpro-row .wpcpro-col-lg-5 { flex: 0 0 20%; max-width: 20%; } .wpcpro-row .wpcpro-col-lg-6 { flex: 0 0 16.6667%; max-width: 16.6667%; } .wpcpro-row .wpcpro-col-lg-7 { flex: 0 0 14.28571428%; max-width: 14.28571428%; } .wpcpro-row .wpcpro-col-lg-8 { flex: 0 0 12.5%; max-width: 12.5%; } } @media (min-width: 1200px) { .wpcpro-row .wpcpro-col-xl-1 { flex: 0 0 100%; max-width: 100%; } .wpcpro-row .wpcpro-col-xl-2 { flex: 0 0 50%; max-width: 50%; } .wpcpro-row .wpcpro-col-xl-3 { flex: 0 0 33.22222222%; max-width: 33.22222222%; } .wpcpro-row .wpcpro-col-xl-4 { flex: 0 0 25%; max-width: 25%; } .wpcpro-row .wpcpro-col-xl-5 { flex: 0 0 20%; max-width: 20%; } .wpcpro-row .wpcpro-col-xl-6 { flex: 0 0 16.66667%; max-width: 16.66667%; } .wpcpro-row .wpcpro-col-xl-7 { flex: 0 0 14.28571428%; max-width: 14.28571428%; } .wpcpro-row .wpcpro-col-xl-8 { flex: 0 0 12.5%; max-width: 12.5%; } }<\/style><div class=\"wpcp-carousel-wrapper wpcp-wrapper-74\">\n\t<div id=\"wpcp-preloader-74\" class=\"wpcp-carousel-preloader\"><img decoding=\"async\" src=\"https:\/\/lasensible.com\/wp-content\/plugins\/wp-carousel-free\/public\/css\/spinner.svg\" alt=\"Preloader Image\" \/><\/div>\t<div class=\"wpcp-carousel-content-wrapper\">\n\t<div id=\"sp-wp-carousel-free-id-74\" class=\"wpcp-carousel-section sp-wpcp-74  nav-vertical-center wpcp-image-carousel wpcp-preloader wpcp-standard\" data-swiper='{ &quot;accessibility&quot;:true, &quot;spaceBetween&quot;:20, &quot;arrows&quot;:true, &quot;freeMode&quot;: false, &quot;autoplay&quot;:true, &quot;autoplaySpeed&quot;:3000, &quot;dots&quot;:true, &quot;infinite&quot;:true, &quot;speed&quot;:600, &quot;pauseOnHover&quot;:true,\n\t\t\t&quot;slidesToShow&quot;:{&quot;lg_desktop&quot;:5, &quot;desktop&quot;: 4, &quot;laptop&quot;: 3, &quot;tablet&quot;: 2, &quot;mobile&quot;: 1}, &quot;responsive&quot;:{&quot;desktop&quot;:1200, &quot;laptop&quot;: 980, &quot;tablet&quot;: 736, &quot;mobile&quot;: 480}, &quot;rtl&quot;:false, &quot;lazyLoad&quot;: &quot;false&quot;, &quot;swipe&quot;: true, &quot;draggable&quot;: true, &quot;swipeToSlide&quot;:false }' dir=\"ltr\">\n\t\t<div class=\"swiper-wrapper\">\n\t\t<div class=\"swiper-slide\">\n\t<div class=\"wpcp-single-item\">\n\t\t\t<a class=\"wcp-light-box\" data-buttons='[\"close\"]' data-wpc_url='https:\/\/lasensible.com\/wp-content\/uploads\/2024\/10\/CabarattO-2-\u00a9DMugica-1024x683.jpg' href=\"https:\/\/lasensible.com\/wp-content\/uploads\/2024\/10\/CabarattO-2-\u00a9DMugica-1024x683.jpg\" data-fancybox=\"wpcp_view\">\n\t\t<figure>\n\t\t\t<img loading=\"lazy\" decoding=\"async\" class=\"skip-lazy\" src=\"https:\/\/lasensible.com\/wp-content\/uploads\/2024\/10\/CabarattO-2-\u00a9DMugica-1024x683.jpg\" alt=\"CabarattO 2 \u00a9DMugica\" width=\"840\" height=\"560\">\t\t<\/figure>\n\t<\/a>\n\t\t<\/div>\n<\/div>\n\t<div class=\"swiper-slide\">\n\t<div class=\"wpcp-single-item\">\n\t\t\t<a class=\"wcp-light-box\" data-buttons='[\"close\"]' data-wpc_url='https:\/\/lasensible.com\/wp-content\/uploads\/2024\/10\/Cabarett0-6-\u00a9DMugica-683x1024.jpg' href=\"https:\/\/lasensible.com\/wp-content\/uploads\/2024\/10\/Cabarett0-6-\u00a9DMugica-683x1024.jpg\" data-fancybox=\"wpcp_view\">\n\t\t<figure>\n\t\t\t<img loading=\"lazy\" decoding=\"async\" class=\"skip-lazy\" src=\"https:\/\/lasensible.com\/wp-content\/uploads\/2024\/10\/Cabarett0-6-\u00a9DMugica-683x1024.jpg\" alt=\"Cabarett0 6 \u00a9DMugica\" width=\"683\" height=\"1024\">\t\t<\/figure>\n\t<\/a>\n\t\t<\/div>\n<\/div>\n\t<div class=\"swiper-slide\">\n\t<div class=\"wpcp-single-item\">\n\t\t\t<a class=\"wcp-light-box\" data-buttons='[\"close\"]' data-wpc_url='https:\/\/lasensible.com\/wp-content\/uploads\/2024\/10\/CabarettO-1-\u00a9DMugica-1024x683.jpg' href=\"https:\/\/lasensible.com\/wp-content\/uploads\/2024\/10\/CabarettO-1-\u00a9DMugica-1024x683.jpg\" data-fancybox=\"wpcp_view\">\n\t\t<figure>\n\t\t\t<img loading=\"lazy\" decoding=\"async\" class=\"skip-lazy\" src=\"https:\/\/lasensible.com\/wp-content\/uploads\/2024\/10\/CabarettO-1-\u00a9DMugica-1024x683.jpg\" alt=\"CabarettO 1 \u00a9DMugica\" width=\"840\" height=\"560\">\t\t<\/figure>\n\t<\/a>\n\t\t<\/div>\n<\/div>\n\t<div class=\"swiper-slide\">\n\t<div class=\"wpcp-single-item\">\n\t\t\t<a class=\"wcp-light-box\" data-buttons='[\"close\"]' data-wpc_url='https:\/\/lasensible.com\/wp-content\/uploads\/2024\/10\/CabarettO-3-\u00a9DMugica-1024x683.jpg' href=\"https:\/\/lasensible.com\/wp-content\/uploads\/2024\/10\/CabarettO-3-\u00a9DMugica-1024x683.jpg\" data-fancybox=\"wpcp_view\">\n\t\t<figure>\n\t\t\t<img loading=\"lazy\" decoding=\"async\" class=\"skip-lazy\" src=\"https:\/\/lasensible.com\/wp-content\/uploads\/2024\/10\/CabarettO-3-\u00a9DMugica-1024x683.jpg\" alt=\"CabarettO 3 \u00a9DMugica\" width=\"840\" height=\"560\">\t\t<\/figure>\n\t<\/a>\n\t\t<\/div>\n<\/div>\n\t<div class=\"swiper-slide\">\n\t<div class=\"wpcp-single-item\">\n\t\t\t<a class=\"wcp-light-box\" data-buttons='[\"close\"]' data-wpc_url='https:\/\/lasensible.com\/wp-content\/uploads\/2024\/10\/CabarettO-4-\u00a9DMugica--683x1024.jpg' href=\"https:\/\/lasensible.com\/wp-content\/uploads\/2024\/10\/CabarettO-4-\u00a9DMugica--683x1024.jpg\" data-fancybox=\"wpcp_view\">\n\t\t<figure>\n\t\t\t<img loading=\"lazy\" decoding=\"async\" class=\"skip-lazy\" src=\"https:\/\/lasensible.com\/wp-content\/uploads\/2024\/10\/CabarettO-4-\u00a9DMugica--683x1024.jpg\" alt=\"CabarettO 4 \u00a9DMugica\" width=\"683\" height=\"1024\">\t\t<\/figure>\n\t<\/a>\n\t\t<\/div>\n<\/div>\n\t<div class=\"swiper-slide\">\n\t<div class=\"wpcp-single-item\">\n\t\t\t<a class=\"wcp-light-box\" data-buttons='[\"close\"]' data-wpc_url='https:\/\/lasensible.com\/wp-content\/uploads\/2024\/10\/CabarettO-5-\u00a9DMugica-1024x683.jpg' href=\"https:\/\/lasensible.com\/wp-content\/uploads\/2024\/10\/CabarettO-5-\u00a9DMugica-1024x683.jpg\" data-fancybox=\"wpcp_view\">\n\t\t<figure>\n\t\t\t<img loading=\"lazy\" decoding=\"async\" class=\"skip-lazy\" src=\"https:\/\/lasensible.com\/wp-content\/uploads\/2024\/10\/CabarettO-5-\u00a9DMugica-1024x683.jpg\" alt=\"CabarettO 5 \u00a9DMugica\" width=\"840\" height=\"560\">\t\t<\/figure>\n\t<\/a>\n\t\t<\/div>\n<\/div>\n\t<div class=\"swiper-slide\">\n\t<div class=\"wpcp-single-item\">\n\t\t\t<a class=\"wcp-light-box\" data-buttons='[\"close\"]' data-wpc_url='https:\/\/lasensible.com\/wp-content\/uploads\/2024\/10\/CabarettO-7-\u00a9DMugica-1024x683.jpg' href=\"https:\/\/lasensible.com\/wp-content\/uploads\/2024\/10\/CabarettO-7-\u00a9DMugica-1024x683.jpg\" data-fancybox=\"wpcp_view\">\n\t\t<figure>\n\t\t\t<img loading=\"lazy\" decoding=\"async\" class=\"skip-lazy\" src=\"https:\/\/lasensible.com\/wp-content\/uploads\/2024\/10\/CabarettO-7-\u00a9DMugica-1024x683.jpg\" alt=\"CabarettO 7 \u00a9DMugica\" width=\"840\" height=\"560\">\t\t<\/figure>\n\t<\/a>\n\t\t<\/div>\n<\/div>\n\t<div class=\"swiper-slide\">\n\t<div class=\"wpcp-single-item\">\n\t\t\t<a class=\"wcp-light-box\" data-buttons='[\"close\"]' data-wpc_url='https:\/\/lasensible.com\/wp-content\/uploads\/2024\/10\/CabarettO-8-\u00a9DMugica-683x1024.jpg' href=\"https:\/\/lasensible.com\/wp-content\/uploads\/2024\/10\/CabarettO-8-\u00a9DMugica-683x1024.jpg\" data-fancybox=\"wpcp_view\">\n\t\t<figure>\n\t\t\t<img loading=\"lazy\" decoding=\"async\" class=\"skip-lazy\" src=\"https:\/\/lasensible.com\/wp-content\/uploads\/2024\/10\/CabarettO-8-\u00a9DMugica-683x1024.jpg\" alt=\"CabarettO 8 \u00a9DMugica\" width=\"683\" height=\"1024\">\t\t<\/figure>\n\t<\/a>\n\t\t<\/div>\n<\/div>\n\t<div class=\"swiper-slide\">\n\t<div class=\"wpcp-single-item\">\n\t\t\t<a class=\"wcp-light-box\" data-buttons='[\"close\"]' data-wpc_url='https:\/\/lasensible.com\/wp-content\/uploads\/2024\/10\/CabarettO-9-\u00a9DMugica-1024x683.jpg' href=\"https:\/\/lasensible.com\/wp-content\/uploads\/2024\/10\/CabarettO-9-\u00a9DMugica-1024x683.jpg\" data-fancybox=\"wpcp_view\">\n\t\t<figure>\n\t\t\t<img loading=\"lazy\" decoding=\"async\" class=\"skip-lazy\" src=\"https:\/\/lasensible.com\/wp-content\/uploads\/2024\/10\/CabarettO-9-\u00a9DMugica-1024x683.jpg\" alt=\"CabarettO 9 \u00a9DMugica\" width=\"840\" height=\"560\">\t\t<\/figure>\n\t<\/a>\n\t\t<\/div>\n<\/div>\n\t<div class=\"swiper-slide\">\n\t<div class=\"wpcp-single-item\">\n\t\t\t<a class=\"wcp-light-box\" data-buttons='[\"close\"]' data-wpc_url='https:\/\/lasensible.com\/wp-content\/uploads\/2024\/10\/CabarettO-\u00a9FoM-1024x600.jpg' href=\"https:\/\/lasensible.com\/wp-content\/uploads\/2024\/10\/CabarettO-\u00a9FoM-1024x600.jpg\" data-fancybox=\"wpcp_view\">\n\t\t<figure>\n\t\t\t<img loading=\"lazy\" decoding=\"async\" class=\"skip-lazy\" src=\"https:\/\/lasensible.com\/wp-content\/uploads\/2024\/10\/CabarettO-\u00a9FoM-1024x600.jpg\" alt=\"CabarettO \u00a9FoM\" width=\"840\" height=\"492\">\t\t<\/figure>\n\t<\/a>\n\t\t<\/div>\n<\/div>\n\t<div class=\"swiper-slide\">\n\t<div class=\"wpcp-single-item\">\n\t\t\t<a class=\"wcp-light-box\" data-buttons='[\"close\"]' data-wpc_url='https:\/\/lasensible.com\/wp-content\/uploads\/2024\/10\/CabarettO-1-\u00a9FoM-1024x498.jpg' href=\"https:\/\/lasensible.com\/wp-content\/uploads\/2024\/10\/CabarettO-1-\u00a9FoM-1024x498.jpg\" data-fancybox=\"wpcp_view\">\n\t\t<figure>\n\t\t\t<img loading=\"lazy\" decoding=\"async\" class=\"skip-lazy\" src=\"https:\/\/lasensible.com\/wp-content\/uploads\/2024\/10\/CabarettO-1-\u00a9FoM-1024x498.jpg\" alt=\"CabarettO 1 \u00a9FoM\" width=\"840\" height=\"409\">\t\t<\/figure>\n\t<\/a>\n\t\t<\/div>\n<\/div>\n\t<div class=\"swiper-slide\">\n\t<div class=\"wpcp-single-item\">\n\t\t\t<a class=\"wcp-light-box\" data-buttons='[\"close\"]' data-wpc_url='https:\/\/lasensible.com\/wp-content\/uploads\/2024\/10\/CabarettO-2-\u00a9FoM-780x1024.jpg' href=\"https:\/\/lasensible.com\/wp-content\/uploads\/2024\/10\/CabarettO-2-\u00a9FoM-780x1024.jpg\" data-fancybox=\"wpcp_view\">\n\t\t<figure>\n\t\t\t<img loading=\"lazy\" decoding=\"async\" class=\"skip-lazy\" src=\"https:\/\/lasensible.com\/wp-content\/uploads\/2024\/10\/CabarettO-2-\u00a9FoM-780x1024.jpg\" alt=\"CabarettO 2 \u00a9FoM\" width=\"780\" height=\"1024\">\t\t<\/figure>\n\t<\/a>\n\t\t<\/div>\n<\/div>\n\t<div class=\"swiper-slide\">\n\t<div class=\"wpcp-single-item\">\n\t\t\t<a class=\"wcp-light-box\" data-buttons='[\"close\"]' data-wpc_url='https:\/\/lasensible.com\/wp-content\/uploads\/2024\/10\/CabarettO-3-\u00a9FoM-1024x666.jpg' href=\"https:\/\/lasensible.com\/wp-content\/uploads\/2024\/10\/CabarettO-3-\u00a9FoM-1024x666.jpg\" data-fancybox=\"wpcp_view\">\n\t\t<figure>\n\t\t\t<img loading=\"lazy\" decoding=\"async\" class=\"skip-lazy\" src=\"https:\/\/lasensible.com\/wp-content\/uploads\/2024\/10\/CabarettO-3-\u00a9FoM-1024x666.jpg\" alt=\"CabarettO 3 \u00a9FoM\" width=\"840\" height=\"546\">\t\t<\/figure>\n\t<\/a>\n\t\t<\/div>\n<\/div>\n\t<div class=\"swiper-slide\">\n\t<div class=\"wpcp-single-item\">\n\t\t\t<a class=\"wcp-light-box\" data-buttons='[\"close\"]' data-wpc_url='https:\/\/lasensible.com\/wp-content\/uploads\/2024\/10\/CabarettO-4-\u00a9FoM-1024x550.jpg' href=\"https:\/\/lasensible.com\/wp-content\/uploads\/2024\/10\/CabarettO-4-\u00a9FoM-1024x550.jpg\" data-fancybox=\"wpcp_view\">\n\t\t<figure>\n\t\t\t<img loading=\"lazy\" decoding=\"async\" class=\"skip-lazy\" src=\"https:\/\/lasensible.com\/wp-content\/uploads\/2024\/10\/CabarettO-4-\u00a9FoM-1024x550.jpg\" alt=\"CabarettO 4 \u00a9FoM\" width=\"840\" height=\"451\">\t\t<\/figure>\n\t<\/a>\n\t\t<\/div>\n<\/div>\n\t<div class=\"swiper-slide\">\n\t<div class=\"wpcp-single-item\">\n\t\t\t<a class=\"wcp-light-box\" data-buttons='[\"close\"]' data-wpc_url='https:\/\/lasensible.com\/wp-content\/uploads\/2024\/10\/CabarettO-5-\u00a9FoM-681x1024.jpg' href=\"https:\/\/lasensible.com\/wp-content\/uploads\/2024\/10\/CabarettO-5-\u00a9FoM-681x1024.jpg\" data-fancybox=\"wpcp_view\">\n\t\t<figure>\n\t\t\t<img loading=\"lazy\" decoding=\"async\" class=\"skip-lazy\" src=\"https:\/\/lasensible.com\/wp-content\/uploads\/2024\/10\/CabarettO-5-\u00a9FoM-681x1024.jpg\" alt=\"CabarettO 5 \u00a9FoM\" width=\"681\" height=\"1024\">\t\t<\/figure>\n\t<\/a>\n\t\t<\/div>\n<\/div>\n\t<div class=\"swiper-slide\">\n\t<div class=\"wpcp-single-item\">\n\t\t\t<a class=\"wcp-light-box\" data-buttons='[\"close\"]' data-wpc_url='https:\/\/lasensible.com\/wp-content\/uploads\/2024\/10\/CabarettO-6-\u00a9FoM-1024x643.jpg' href=\"https:\/\/lasensible.com\/wp-content\/uploads\/2024\/10\/CabarettO-6-\u00a9FoM-1024x643.jpg\" data-fancybox=\"wpcp_view\">\n\t\t<figure>\n\t\t\t<img loading=\"lazy\" decoding=\"async\" class=\"skip-lazy\" src=\"https:\/\/lasensible.com\/wp-content\/uploads\/2024\/10\/CabarettO-6-\u00a9FoM-1024x643.jpg\" alt=\"CabarettO 6 \u00a9FoM\" width=\"840\" height=\"527\">\t\t<\/figure>\n\t<\/a>\n\t\t<\/div>\n<\/div>\n\t<div class=\"swiper-slide\">\n\t<div class=\"wpcp-single-item\">\n\t\t\t<a class=\"wcp-light-box\" data-buttons='[\"close\"]' data-wpc_url='https:\/\/lasensible.com\/wp-content\/uploads\/2024\/10\/CabarettO-7-\u00a9FoM-497x1024.jpg' href=\"https:\/\/lasensible.com\/wp-content\/uploads\/2024\/10\/CabarettO-7-\u00a9FoM-497x1024.jpg\" data-fancybox=\"wpcp_view\">\n\t\t<figure>\n\t\t\t<img loading=\"lazy\" decoding=\"async\" class=\"skip-lazy\" src=\"https:\/\/lasensible.com\/wp-content\/uploads\/2024\/10\/CabarettO-7-\u00a9FoM-497x1024.jpg\" alt=\"CabarettO 7 \u00a9FoM\" width=\"497\" height=\"1024\">\t\t<\/figure>\n\t<\/a>\n\t\t<\/div>\n<\/div>\n\t\t\t<\/div>\n\t\t\t\t\t<div class=\"wpcp-swiper-dots swiper-pagination\"><\/div>\n\t\t\t\t<!-- If we need navigation buttons -->\n\t\t\t\t\t<div class=\"wpcp-prev-button swiper-button-prev\"><i class=\"fa fa-angle-left\"><\/i><\/div>\n\t\t\t<div class=\"wpcp-next-button swiper-button-next\"><i class=\"fa fa-angle-right\"><\/i><\/div>\n\t\t\t<\/div>\n\t<\/div>\n<\/div>\n\n\n\n\n<hr class=\"wp-block-separator has-text-color has-vivid-red-color has-alpha-channel-opacity has-vivid-red-background-color has-background is-style-wide\"\/>\n\n\n\n<div class=\"wp-block-columns is-layout-flex wp-container-core-columns-is-layout-9d6595d7 wp-block-columns-is-layout-flex\">\n<div class=\"wp-block-column is-layout-flow wp-block-column-is-layout-flow\" style=\"flex-basis:66.66%\">\n<figure class=\"wp-block-embed is-type-video is-provider-vimeo wp-block-embed-vimeo wp-embed-aspect-16-9 wp-has-aspect-ratio\"><div class=\"wp-block-embed__wrapper\">\n<iframe loading=\"lazy\" title=\"CabarettO\" src=\"https:\/\/player.vimeo.com\/video\/1049594968?dnt=1&amp;app_id=122963\" width=\"840\" height=\"473\" frameborder=\"0\" allow=\"autoplay; fullscreen; picture-in-picture; clipboard-write; encrypted-media\"><\/iframe>\n<\/div><\/figure>\n<\/div>\n\n\n\n<div class=\"wp-block-column is-layout-flow wp-block-column-is-layout-flow\" style=\"flex-basis:33.33%\">\n<p>Avec <strong>Mart\u00edn V\u00e1squez<\/strong> et <strong>Samuel Tailliez. <\/strong><\/p>\n\n\n\n<p>Sous le regard aiguis\u00e9 de <strong>J\u00e9rome Bouvet.<\/strong><\/p>\n\n\n\n<p><\/p>\n<\/div>\n<\/div>\n\n\n\n<hr class=\"wp-block-separator has-text-color has-vivid-red-color has-alpha-channel-opacity has-vivid-red-background-color has-background is-style-wide\"\/>\n\n\n\n<div class=\"wp-block-media-text is-stacked-on-mobile\"><figure class=\"wp-block-media-text__media\"><img loading=\"lazy\" decoding=\"async\" width=\"724\" height=\"1024\" src=\"https:\/\/lasensible.com\/wp-content\/uploads\/2024\/10\/Affiche-Cabaretto--724x1024.jpg\" alt=\"\" class=\"wp-image-124 size-full\" srcset=\"https:\/\/lasensible.com\/wp-content\/uploads\/2024\/10\/Affiche-Cabaretto--724x1024.jpg 724w, https:\/\/lasensible.com\/wp-content\/uploads\/2024\/10\/Affiche-Cabaretto--212x300.jpg 212w, https:\/\/lasensible.com\/wp-content\/uploads\/2024\/10\/Affiche-Cabaretto--768x1086.jpg 768w, https:\/\/lasensible.com\/wp-content\/uploads\/2024\/10\/Affiche-Cabaretto--1086x1536.jpg 1086w, https:\/\/lasensible.com\/wp-content\/uploads\/2024\/10\/Affiche-Cabaretto--1449x2048.jpg 1449w, https:\/\/lasensible.com\/wp-content\/uploads\/2024\/10\/Affiche-Cabaretto--42x60.jpg 42w, https:\/\/lasensible.com\/wp-content\/uploads\/2024\/10\/Affiche-Cabaretto--scaled.jpg 1811w\" sizes=\"auto, (max-width: 724px) 100vw, 724px\" \/><\/figure><div class=\"wp-block-media-text__content\">\n<p><\/p>\n\n\n\n<p><\/p>\n\n\n\n<p><\/p>\n\n\n\n<p><\/p>\n\n\n\n<p class=\"has-small-font-size\"><strong>Production : <\/strong>Cie La Sensible<\/p>\n\n\n\n<p class=\"has-small-font-size\"><strong>Accueil en r\u00e9sidence :<\/strong>                                            Atelier Act 3 \u00e0 Vertou (44) ;                                           37 \u00e8me parall\u00e8le \u00e0 Tours (37) ;                                      La Louhenrie- r\u00e9sidence d\u2019artistes \u00e0 Pouill\u00e9 (41).<\/p>\n\n\n\n<p class=\"has-small-font-size\"><strong>Soutiens : <\/strong>Aide \u00e0 la r\u00e9sidence Drac Centre Val de Loire ; PACT de la r\u00e9gion Centre Val de Loire ; Communaut\u00e9 de Communes Val de Cher Controis.&nbsp;<\/p>\n<\/div><\/div>\n\n\n\n<p class=\"has-small-font-size\">Cr\u00e9dit Affiche : B\u00e9atrice Angebert. Cr\u00e9dits photos : Didier Mugica et FoM.<\/p>\n\n\n\n<hr class=\"wp-block-separator has-text-color has-vivid-red-color has-alpha-channel-opacity has-vivid-red-background-color has-background is-style-wide\"\/>\n\n\n\n<p class=\"has-small-font-size\"><strong>Documents pros \u00e0 t\u00e9l\u00e9charger :<\/strong><\/p>\n\n\n\n<p class=\"has-small-font-size\"><a href=\"https:\/\/lasensible.com\/wp-content\/uploads\/2025\/02\/Cabaretto-Dossier-2025.pdf\">Dossier de presse<\/a><\/p>\n\n\n\n<p class=\"has-small-font-size\"><a href=\"https:\/\/lasensible.com\/wp-content\/uploads\/2025\/02\/Cabaretto-FT-2025.pdf\">Fiche technique<\/a><\/p>\n\n\n\n<p class=\"has-small-font-size\"><a href=\"https:\/\/lasensible.com\/wp-content\/uploads\/2024\/10\/Affiche-Cabaretto--scaled.jpg\">Affiche HD<\/a> <\/p>\n\n\n\n<div class=\"wp-block-buttons is-content-justification-center is-layout-flex wp-container-core-buttons-is-layout-16018d1d wp-block-buttons-is-layout-flex\">\n<div class=\"wp-block-button is-style-fill\"><a class=\"wp-block-button__link wp-element-button\" href=\"https:\/\/lasensible.com\/?page_id=7\">Contacts<\/a><\/div>\n\n\n\n<div class=\"wp-block-button is-style-fill\"><a class=\"wp-block-button__link wp-element-button\" href=\"https:\/\/lasensible.com\/?page_id=266\">Calendrier<\/a><\/div>\n<\/div>\n\n\n\n<p><\/p>\n\n\n\n<hr class=\"wp-block-separator has-alpha-channel-opacity\"\/>\n","protected":false},"excerpt":{"rendered":"<p>CabarettO &nbsp;Deux individus, explosif m\u00e9lange de clown et de mime, explorent un monde sans parole. Musique et p\u00e9tales de fleurs accompagnent ce moment \u00e0 la &hellip; <\/p>\n","protected":false},"author":1,"featured_media":0,"parent":0,"menu_order":0,"comment_status":"closed","ping_status":"closed","template":"","meta":{"footnotes":""},"class_list":["post-248","page","type-page","status-publish","hentry","latest_post"],"_links":{"self":[{"href":"https:\/\/lasensible.com\/index.php?rest_route=\/wp\/v2\/pages\/248","targetHints":{"allow":["GET"]}}],"collection":[{"href":"https:\/\/lasensible.com\/index.php?rest_route=\/wp\/v2\/pages"}],"about":[{"href":"https:\/\/lasensible.com\/index.php?rest_route=\/wp\/v2\/types\/page"}],"author":[{"embeddable":true,"href":"https:\/\/lasensible.com\/index.php?rest_route=\/wp\/v2\/users\/1"}],"replies":[{"embeddable":true,"href":"https:\/\/lasensible.com\/index.php?rest_route=%2Fwp%2Fv2%2Fcomments&post=248"}],"version-history":[{"count":14,"href":"https:\/\/lasensible.com\/index.php?rest_route=\/wp\/v2\/pages\/248\/revisions"}],"predecessor-version":[{"id":486,"href":"https:\/\/lasensible.com\/index.php?rest_route=\/wp\/v2\/pages\/248\/revisions\/486"}],"wp:attachment":[{"href":"https:\/\/lasensible.com\/index.php?rest_route=%2Fwp%2Fv2%2Fmedia&parent=248"}],"curies":[{"name":"wp","href":"https:\/\/api.w.org\/{rel}","templated":true}]}}