{"id":358,"date":"2024-11-14T12:18:00","date_gmt":"2024-11-14T11:18:00","guid":{"rendered":"http:\/\/lasensible.com\/?page_id=358"},"modified":"2024-11-14T12:31:08","modified_gmt":"2024-11-14T11:31:08","slug":"358-2","status":"publish","type":"page","link":"https:\/\/lasensible.com\/?page_id=358","title":{"rendered":""},"content":{"rendered":"\n<h2 class=\"wp-block-heading has-text-align-center\">Leonardo<\/h2>\n\n\n\n<div class=\"wp-block-cover alignfull has-custom-content-position is-position-bottom-right\"><span aria-hidden=\"true\" class=\"wp-block-cover__background has-background-dim\" style=\"background-color:#6d392d\"><\/span><img loading=\"lazy\" decoding=\"async\" width=\"2560\" height=\"896\" class=\"wp-block-cover__image-background wp-image-341\" alt=\"\" src=\"https:\/\/lasensible.com\/wp-content\/uploads\/2024\/11\/Photo-Salai-et-Sforza-scaled.jpg\" data-object-fit=\"cover\" srcset=\"https:\/\/lasensible.com\/wp-content\/uploads\/2024\/11\/Photo-Salai-et-Sforza-scaled.jpg 2560w, https:\/\/lasensible.com\/wp-content\/uploads\/2024\/11\/Photo-Salai-et-Sforza-300x105.jpg 300w, https:\/\/lasensible.com\/wp-content\/uploads\/2024\/11\/Photo-Salai-et-Sforza-1024x358.jpg 1024w, https:\/\/lasensible.com\/wp-content\/uploads\/2024\/11\/Photo-Salai-et-Sforza-768x269.jpg 768w\" sizes=\"auto, (max-width: 2560px) 100vw, 2560px\" \/><div class=\"wp-block-cover__inner-container is-layout-constrained wp-block-cover-is-layout-constrained\">\n<p class=\"has-text-align-center has-large-font-size\"><kbd>Un biopic extravagant<\/kbd><\/p>\n<\/div><\/div>\n\n\n\n<div class=\"wp-block-columns is-layout-flex wp-container-core-columns-is-layout-9d6595d7 wp-block-columns-is-layout-flex\">\n<div class=\"wp-block-column is-layout-flow wp-block-column-is-layout-flow\" style=\"flex-basis:100%\">\n<div class=\"wp-block-columns is-layout-flex wp-container-core-columns-is-layout-9d6595d7 wp-block-columns-is-layout-flex\">\n<div class=\"wp-block-column is-layout-flow wp-block-column-is-layout-flow\" style=\"flex-basis:100%\">\n<div class=\"wp-block-group\"><div class=\"wp-block-group__inner-container is-layout-constrained wp-block-group-is-layout-constrained\">\n<div class=\"wp-block-columns is-layout-flex wp-container-core-columns-is-layout-9d6595d7 wp-block-columns-is-layout-flex\">\n<div class=\"wp-block-column is-layout-flow wp-block-column-is-layout-flow\">\n<p>&nbsp;<br>Comme vous ne l\u2019avez jamais vu : Embarquement imm\u00e9diat pour un voyage dans la malle de L\u00e9onard de Vinci traversant la Renaissance italienne et fran\u00e7aise. Avec une pointe de d\u00e9calage, de tendresse et d\u2019humour, la Compagnie LA SENSiBLE s\u2019est tr\u00e8s s\u00e9rieusement attel\u00e9e \u00e0 tracer un portrait clownesque du g\u00e9nie mais non moins historique.<\/p>\n\n\n\n<p>Depuis sa naissance dans le petit village de Vinci jusqu\u2019\u00e0 sa mort en France, le spectacle explore ses projets les plus fous et ses recherches secr\u00e8tes. Lionardo est tout \u00e0 tour fascinant, fragile et d\u00e9testable.<\/p>\n\n\n\n<p><\/p>\n<\/div>\n<\/div>\n<\/div><\/div>\n<\/div>\n<\/div>\n<\/div>\n<\/div>\n\n\n\n<div class=\"wp-block-columns is-layout-flex wp-container-core-columns-is-layout-9d6595d7 wp-block-columns-is-layout-flex\">\n<div class=\"wp-block-column is-layout-flow wp-block-column-is-layout-flow\" style=\"flex-basis:66.66%\">\n<figure class=\"wp-block-embed is-type-video is-provider-vimeo wp-block-embed-vimeo wp-embed-aspect-16-9 wp-has-aspect-ratio\"><div class=\"wp-block-embed__wrapper\">\n<iframe loading=\"lazy\" title=\"Leonardo, la v\u00e9ritable histoire du g\u00e9nie de Vinci\" src=\"https:\/\/player.vimeo.com\/video\/156595972?dnt=1&amp;app_id=122963\" width=\"840\" height=\"473\" frameborder=\"0\" allow=\"autoplay; fullscreen; picture-in-picture; clipboard-write\"><\/iframe>\n<\/div><\/figure>\n<\/div>\n\n\n\n<div class=\"wp-block-column is-layout-flow wp-block-column-is-layout-flow\" style=\"flex-basis:33.33%\">\n<p><\/p>\n\n\n\n<p><\/p>\n\n\n\n<p>Avec <strong>Mart\u00edn V\u00e1squez<\/strong>, <strong>Jorge Loiotile<\/strong> et <strong>Elsa Chausson<\/strong>.<\/p>\n<\/div>\n<\/div>\n\n\n\n<p>Dur\u00e9e 1h10, tout public \u00e0 partir de 7 ans;<\/p>\n\n\n<style id=\"wp_carousel_dynamic_css342\">#sp-wp-carousel-free-id-342.sp-wpcp-342 .wpcp-single-item {border: 1px solid #dddddd;}#sp-wp-carousel-free-id-342.sp-wpcp-342 .swiper-button-prev,#sp-wp-carousel-free-id-342.sp-wpcp-342 .swiper-button-next,#sp-wp-carousel-free-id-342.sp-wpcp-342 .swiper-button-prev:hover,#sp-wp-carousel-free-id-342.sp-wpcp-342 .swiper-button-next:hover {background: none;border: none;font-size: 30px;}#sp-wp-carousel-free-id-342.sp-wpcp-342 .swiper-button-prev i,#sp-wp-carousel-free-id-342.sp-wpcp-342 .swiper-button-next i {color: #aaa;}#sp-wp-carousel-free-id-342.sp-wpcp-342 .swiper-button-prev i:hover,#sp-wp-carousel-free-id-342.sp-wpcp-342 .swiper-button-next i:hover {color: #178087;}#sp-wp-carousel-free-id-342.sp-wpcp-342 .wpcp-swiper-dots .swiper-pagination-bullet {background-color: #cccccc;}#sp-wp-carousel-free-id-342.sp-wpcp-342 .wpcp-swiper-dots .swiper-pagination-bullet.swiper-pagination-bullet-active {background-color: #178087;} #sp-wp-carousel-free-id-342.sp-wpcp-342.wpcp-image-carousel .wpcp-single-item:hover img, #sp-wp-carousel-free-id-342.sp-wpcp-342.wpcp-post-carousel .wpcp-single-item:hover img, #sp-wp-carousel-free-id-342.sp-wpcp-342.wpcp-product-carousel .wpcp-single-item:hover img{-webkit-transform: scale(1.2);-moz-transform: scale(1.2);transform: scale(1.2);}#sp-wp-carousel-free-id-342 .wpcpro-row>[class*=\"wpcpro-col-\"] { padding: 0 0px; padding-bottom: 0px;}@media (min-width: 480px) { .wpcpro-row .wpcpro-col-sm-1 { flex: 0 0 100%; max-width: 100%; } .wpcpro-row .wpcpro-col-sm-2 { flex: 0 0 50%; max-width: 50%; } .wpcpro-row .wpcpro-col-sm-2-5 { flex: 0 0 75%; max-width: 75%; } .wpcpro-row .wpcpro-col-sm-3 { flex: 0 0 33.333%; max-width: 33.333%; } .wpcpro-row .wpcpro-col-sm-4 { flex: 0 0 25%; max-width: 25%; } .wpcpro-row .wpcpro-col-sm-5 { flex: 0 0 20%; max-width: 20%; } .wpcpro-row .wpcpro-col-sm-6 { flex: 0 0 16.66666666666667%; max-width: 16.66666666666667%; } .wpcpro-row .wpcpro-col-sm-7 { flex: 0 0 14.28571428%; max-width: 14.28571428%; } .wpcpro-row .wpcpro-col-sm-8 { flex: 0 0 12.5%; max-width: 12.5%; } } @media (max-width: 480px) { .wpcpro-row .wpcpro-col-xs-1 { flex: 0 0 100%; max-width: 100%; } .wpcpro-row .wpcpro-col-xs-2 { flex: 0 0 50%; max-width: 50%; } .wpcpro-row .wpcpro-col-xs-3 { flex: 0 0 33.222%; max-width: 33.222%; } .wpcpro-row .wpcpro-col-xs-4 { flex: 0 0 25%; max-width: 25%; } .wpcpro-row .wpcpro-col-xs-5 { flex: 0 0 20%; max-width: 20%; } .wpcpro-row .wpcpro-col-xs-6 { flex: 0 0 16.6667%; max-width: 16.6667%; } .wpcpro-row .wpcpro-col-xs-7 { flex: 0 0 14.28571428%; max-width: 14.28571428%; } .wpcpro-row .wpcpro-col-xs-8 { flex: 0 0 12.5%; max-width: 12.5%; } } @media (min-width: 736px) { .wpcpro-row .wpcpro-col-md-1 { flex: 0 0 100%; max-width: 100%; } .wpcpro-row .wpcpro-col-md-2 { flex: 0 0 50%; max-width: 50%; } .wpcpro-row .wpcpro-col-md-2-5 { flex: 0 0 75%; max-width: 75%; } .wpcpro-row .wpcpro-col-md-3 { flex: 0 0 33.333%; max-width: 33.333%; } .wpcpro-row .wpcpro-col-md-4 { flex: 0 0 25%; max-width: 25%; } .wpcpro-row .wpcpro-col-md-5 { flex: 0 0 20%; max-width: 20%; } .wpcpro-row .wpcpro-col-md-6 { flex: 0 0 16.66666666666667%; max-width: 16.66666666666667%; } .wpcpro-row .wpcpro-col-md-7 { flex: 0 0 14.28571428%; max-width: 14.28571428%; } .wpcpro-row .wpcpro-col-md-8 { flex: 0 0 12.5%; max-width: 12.5%; } } @media (min-width: 980px) { .wpcpro-row .wpcpro-col-lg-1 { flex: 0 0 100%; max-width: 100%; } .wpcpro-row .wpcpro-col-lg-2 { flex: 0 0 50%; max-width: 50%; } .wpcpro-row .wpcpro-col-lg-3 { flex: 0 0 33.222%; max-width: 33.222%; } .wpcpro-row .wpcpro-col-lg-4 { flex: 0 0 25%; max-width: 25%; } .wpcpro-row .wpcpro-col-lg-5 { flex: 0 0 20%; max-width: 20%; } .wpcpro-row .wpcpro-col-lg-6 { flex: 0 0 16.6667%; max-width: 16.6667%; } .wpcpro-row .wpcpro-col-lg-7 { flex: 0 0 14.28571428%; max-width: 14.28571428%; } .wpcpro-row .wpcpro-col-lg-8 { flex: 0 0 12.5%; max-width: 12.5%; } } @media (min-width: 1200px) { .wpcpro-row .wpcpro-col-xl-1 { flex: 0 0 100%; max-width: 100%; } .wpcpro-row .wpcpro-col-xl-2 { flex: 0 0 50%; max-width: 50%; } .wpcpro-row .wpcpro-col-xl-3 { flex: 0 0 33.22222222%; max-width: 33.22222222%; } .wpcpro-row .wpcpro-col-xl-4 { flex: 0 0 25%; max-width: 25%; } .wpcpro-row .wpcpro-col-xl-5 { flex: 0 0 20%; max-width: 20%; } .wpcpro-row .wpcpro-col-xl-6 { flex: 0 0 16.66667%; max-width: 16.66667%; } .wpcpro-row .wpcpro-col-xl-7 { flex: 0 0 14.28571428%; max-width: 14.28571428%; } .wpcpro-row .wpcpro-col-xl-8 { flex: 0 0 12.5%; max-width: 12.5%; } }<\/style><div class=\"wpcp-carousel-wrapper wpcp-wrapper-342\">\n\t<div id=\"wpcp-preloader-342\" class=\"wpcp-carousel-preloader\"><img decoding=\"async\" src=\"https:\/\/lasensible.com\/wp-content\/plugins\/wp-carousel-free\/public\/css\/spinner.svg\" alt=\"Preloader Image\" \/><\/div>\t<div class=\"wpcp-carousel-content-wrapper\">\n\t<div id=\"sp-wp-carousel-free-id-342\" class=\"wpcp-carousel-section sp-wpcp-342  nav-vertical-center wpcp-image-carousel wpcp-preloader wpcp-standard\" data-swiper='{ &quot;accessibility&quot;:true, &quot;spaceBetween&quot;:0, &quot;arrows&quot;:true, &quot;freeMode&quot;: false, &quot;autoplay&quot;:true, &quot;autoplaySpeed&quot;:3000, &quot;dots&quot;:true, &quot;infinite&quot;:true, &quot;speed&quot;:600, &quot;pauseOnHover&quot;:true,\n\t\t\t&quot;slidesToShow&quot;:{&quot;lg_desktop&quot;:5, &quot;desktop&quot;: 4, &quot;laptop&quot;: 3, &quot;tablet&quot;: 2, &quot;mobile&quot;: 1}, &quot;responsive&quot;:{&quot;desktop&quot;:1200, &quot;laptop&quot;: 980, &quot;tablet&quot;: 736, &quot;mobile&quot;: 480}, &quot;rtl&quot;:false, &quot;lazyLoad&quot;: &quot;false&quot;, &quot;swipe&quot;: true, &quot;draggable&quot;: true, &quot;swipeToSlide&quot;:false }' dir=\"ltr\">\n\t\t<div class=\"swiper-wrapper\">\n\t\t<div class=\"swiper-slide\">\n\t<div class=\"wpcp-single-item\">\n\t\t\t<a class=\"wcp-light-box\" data-buttons='[\"close\"]' data-wpc_url='https:\/\/lasensible.com\/wp-content\/uploads\/2024\/11\/Lionardo1.jpg' href=\"https:\/\/lasensible.com\/wp-content\/uploads\/2024\/11\/Lionardo1.jpg\" data-fancybox=\"wpcp_view\">\n\t\t<figure>\n\t\t\t<img loading=\"lazy\" decoding=\"async\" class=\"skip-lazy\" src=\"https:\/\/lasensible.com\/wp-content\/uploads\/2024\/11\/Lionardo1.jpg\" alt=\"Lionardo1\" width=\"567\" height=\"378\">\t\t<\/figure>\n\t<\/a>\n\t\t<\/div>\n<\/div>\n\t<div class=\"swiper-slide\">\n\t<div class=\"wpcp-single-item\">\n\t\t\t<a class=\"wcp-light-box\" data-buttons='[\"close\"]' data-wpc_url='https:\/\/lasensible.com\/wp-content\/uploads\/2024\/11\/Lionardo2.jpg' href=\"https:\/\/lasensible.com\/wp-content\/uploads\/2024\/11\/Lionardo2.jpg\" data-fancybox=\"wpcp_view\">\n\t\t<figure>\n\t\t\t<img loading=\"lazy\" decoding=\"async\" class=\"skip-lazy\" src=\"https:\/\/lasensible.com\/wp-content\/uploads\/2024\/11\/Lionardo2.jpg\" alt=\"Lionardo2\" width=\"567\" height=\"378\">\t\t<\/figure>\n\t<\/a>\n\t\t<\/div>\n<\/div>\n\t<div class=\"swiper-slide\">\n\t<div class=\"wpcp-single-item\">\n\t\t\t<a class=\"wcp-light-box\" data-buttons='[\"close\"]' data-wpc_url='https:\/\/lasensible.com\/wp-content\/uploads\/2024\/11\/Lionardo3.jpg' href=\"https:\/\/lasensible.com\/wp-content\/uploads\/2024\/11\/Lionardo3.jpg\" data-fancybox=\"wpcp_view\">\n\t\t<figure>\n\t\t\t<img loading=\"lazy\" decoding=\"async\" class=\"skip-lazy\" src=\"https:\/\/lasensible.com\/wp-content\/uploads\/2024\/11\/Lionardo3.jpg\" alt=\"Lionardo3\" width=\"567\" height=\"378\">\t\t<\/figure>\n\t<\/a>\n\t\t<\/div>\n<\/div>\n\t<div class=\"swiper-slide\">\n\t<div class=\"wpcp-single-item\">\n\t\t\t<a class=\"wcp-light-box\" data-buttons='[\"close\"]' data-wpc_url='https:\/\/lasensible.com\/wp-content\/uploads\/2024\/11\/Lionardo-1024x683.jpg' href=\"https:\/\/lasensible.com\/wp-content\/uploads\/2024\/11\/Lionardo-1024x683.jpg\" data-fancybox=\"wpcp_view\">\n\t\t<figure>\n\t\t\t<img loading=\"lazy\" decoding=\"async\" class=\"skip-lazy\" src=\"https:\/\/lasensible.com\/wp-content\/uploads\/2024\/11\/Lionardo-1024x683.jpg\" alt=\"Lionardo\" width=\"840\" height=\"560\">\t\t<\/figure>\n\t<\/a>\n\t\t<\/div>\n<\/div>\n\t<div class=\"swiper-slide\">\n\t<div class=\"wpcp-single-item\">\n\t\t\t<a class=\"wcp-light-box\" data-buttons='[\"close\"]' data-wpc_url='https:\/\/lasensible.com\/wp-content\/uploads\/2024\/11\/Lionardo1-1.jpg' href=\"https:\/\/lasensible.com\/wp-content\/uploads\/2024\/11\/Lionardo1-1.jpg\" data-fancybox=\"wpcp_view\">\n\t\t<figure>\n\t\t\t<img loading=\"lazy\" decoding=\"async\" class=\"skip-lazy\" src=\"https:\/\/lasensible.com\/wp-content\/uploads\/2024\/11\/Lionardo1-1.jpg\" alt=\"Lionardo1\" width=\"840\" height=\"602\">\t\t<\/figure>\n\t<\/a>\n\t\t<\/div>\n<\/div>\n\t<div class=\"swiper-slide\">\n\t<div class=\"wpcp-single-item\">\n\t\t\t<a class=\"wcp-light-box\" data-buttons='[\"close\"]' data-wpc_url='https:\/\/lasensible.com\/wp-content\/uploads\/2024\/11\/Lionardo2-1-1024x683.jpg' href=\"https:\/\/lasensible.com\/wp-content\/uploads\/2024\/11\/Lionardo2-1-1024x683.jpg\" data-fancybox=\"wpcp_view\">\n\t\t<figure>\n\t\t\t<img loading=\"lazy\" decoding=\"async\" class=\"skip-lazy\" src=\"https:\/\/lasensible.com\/wp-content\/uploads\/2024\/11\/Lionardo2-1-1024x683.jpg\" alt=\"Lionardo2\" width=\"840\" height=\"560\">\t\t<\/figure>\n\t<\/a>\n\t\t<\/div>\n<\/div>\n\t<div class=\"swiper-slide\">\n\t<div class=\"wpcp-single-item\">\n\t\t\t<a class=\"wcp-light-box\" data-buttons='[\"close\"]' data-wpc_url='https:\/\/lasensible.com\/wp-content\/uploads\/2024\/11\/IMG_20231125_102424_152-1024x1024.jpg' href=\"https:\/\/lasensible.com\/wp-content\/uploads\/2024\/11\/IMG_20231125_102424_152-1024x1024.jpg\" data-fancybox=\"wpcp_view\">\n\t\t<figure>\n\t\t\t<img loading=\"lazy\" decoding=\"async\" class=\"skip-lazy\" src=\"https:\/\/lasensible.com\/wp-content\/uploads\/2024\/11\/IMG_20231125_102424_152-1024x1024.jpg\" alt=\"IMG_20231125_102424_152\" width=\"840\" height=\"840\">\t\t<\/figure>\n\t<\/a>\n\t\t<\/div>\n<\/div>\n\t<div class=\"swiper-slide\">\n\t<div class=\"wpcp-single-item\">\n\t\t\t<a class=\"wcp-light-box\" data-buttons='[\"close\"]' data-wpc_url='https:\/\/lasensible.com\/wp-content\/uploads\/2024\/11\/IMG_20231125_102424_240-1024x1024.jpg' href=\"https:\/\/lasensible.com\/wp-content\/uploads\/2024\/11\/IMG_20231125_102424_240-1024x1024.jpg\" data-fancybox=\"wpcp_view\">\n\t\t<figure>\n\t\t\t<img loading=\"lazy\" decoding=\"async\" class=\"skip-lazy\" src=\"https:\/\/lasensible.com\/wp-content\/uploads\/2024\/11\/IMG_20231125_102424_240-1024x1024.jpg\" alt=\"IMG_20231125_102424_240\" width=\"840\" height=\"840\">\t\t<\/figure>\n\t<\/a>\n\t\t<\/div>\n<\/div>\n\t<div class=\"swiper-slide\">\n\t<div class=\"wpcp-single-item\">\n\t\t\t<a class=\"wcp-light-box\" data-buttons='[\"close\"]' data-wpc_url='https:\/\/lasensible.com\/wp-content\/uploads\/2024\/11\/IMG_20231125_102424_302-1024x1024.jpg' href=\"https:\/\/lasensible.com\/wp-content\/uploads\/2024\/11\/IMG_20231125_102424_302-1024x1024.jpg\" data-fancybox=\"wpcp_view\">\n\t\t<figure>\n\t\t\t<img loading=\"lazy\" decoding=\"async\" class=\"skip-lazy\" src=\"https:\/\/lasensible.com\/wp-content\/uploads\/2024\/11\/IMG_20231125_102424_302-1024x1024.jpg\" alt=\"IMG_20231125_102424_302\" width=\"840\" height=\"840\">\t\t<\/figure>\n\t<\/a>\n\t\t<\/div>\n<\/div>\n\t<div class=\"swiper-slide\">\n\t<div class=\"wpcp-single-item\">\n\t\t\t<a class=\"wcp-light-box\" data-buttons='[\"close\"]' data-wpc_url='https:\/\/lasensible.com\/wp-content\/uploads\/2024\/11\/IMG_20231125_102424_363-1024x1024.jpg' href=\"https:\/\/lasensible.com\/wp-content\/uploads\/2024\/11\/IMG_20231125_102424_363-1024x1024.jpg\" data-fancybox=\"wpcp_view\">\n\t\t<figure>\n\t\t\t<img loading=\"lazy\" decoding=\"async\" class=\"skip-lazy\" src=\"https:\/\/lasensible.com\/wp-content\/uploads\/2024\/11\/IMG_20231125_102424_363-1024x1024.jpg\" alt=\"IMG_20231125_102424_363\" width=\"840\" height=\"840\">\t\t<\/figure>\n\t<\/a>\n\t\t<\/div>\n<\/div>\n\t<div class=\"swiper-slide\">\n\t<div class=\"wpcp-single-item\">\n\t\t\t<a class=\"wcp-light-box\" data-buttons='[\"close\"]' data-wpc_url='https:\/\/lasensible.com\/wp-content\/uploads\/2024\/11\/IMG_20231125_102424_438-1024x1024.jpg' href=\"https:\/\/lasensible.com\/wp-content\/uploads\/2024\/11\/IMG_20231125_102424_438-1024x1024.jpg\" data-fancybox=\"wpcp_view\">\n\t\t<figure>\n\t\t\t<img loading=\"lazy\" decoding=\"async\" class=\"skip-lazy\" src=\"https:\/\/lasensible.com\/wp-content\/uploads\/2024\/11\/IMG_20231125_102424_438-1024x1024.jpg\" alt=\"IMG_20231125_102424_438\" width=\"840\" height=\"840\">\t\t<\/figure>\n\t<\/a>\n\t\t<\/div>\n<\/div>\n\t<div class=\"swiper-slide\">\n\t<div class=\"wpcp-single-item\">\n\t\t\t<a class=\"wcp-light-box\" data-buttons='[\"close\"]' data-wpc_url='https:\/\/lasensible.com\/wp-content\/uploads\/2024\/11\/IMG_20231125_102424_803-1024x1024.jpg' href=\"https:\/\/lasensible.com\/wp-content\/uploads\/2024\/11\/IMG_20231125_102424_803-1024x1024.jpg\" data-fancybox=\"wpcp_view\">\n\t\t<figure>\n\t\t\t<img loading=\"lazy\" decoding=\"async\" class=\"skip-lazy\" src=\"https:\/\/lasensible.com\/wp-content\/uploads\/2024\/11\/IMG_20231125_102424_803-1024x1024.jpg\" alt=\"IMG_20231125_102424_803\" width=\"840\" height=\"840\">\t\t<\/figure>\n\t<\/a>\n\t\t<\/div>\n<\/div>\n\t<div class=\"swiper-slide\">\n\t<div class=\"wpcp-single-item\">\n\t\t\t<a class=\"wcp-light-box\" data-buttons='[\"close\"]' data-wpc_url='https:\/\/lasensible.com\/wp-content\/uploads\/2024\/11\/IMG_20231125_102424_966-1024x1024.jpg' href=\"https:\/\/lasensible.com\/wp-content\/uploads\/2024\/11\/IMG_20231125_102424_966-1024x1024.jpg\" data-fancybox=\"wpcp_view\">\n\t\t<figure>\n\t\t\t<img loading=\"lazy\" decoding=\"async\" class=\"skip-lazy\" src=\"https:\/\/lasensible.com\/wp-content\/uploads\/2024\/11\/IMG_20231125_102424_966-1024x1024.jpg\" alt=\"IMG_20231125_102424_966\" width=\"840\" height=\"840\">\t\t<\/figure>\n\t<\/a>\n\t\t<\/div>\n<\/div>\n\t\t\t<\/div>\n\t\t\t\t\t<div class=\"wpcp-swiper-dots swiper-pagination\"><\/div>\n\t\t\t\t<!-- If we need navigation buttons -->\n\t\t\t\t\t<div class=\"wpcp-prev-button swiper-button-prev\"><i class=\"fa fa-angle-left\"><\/i><\/div>\n\t\t\t<div class=\"wpcp-next-button swiper-button-next\"><i class=\"fa fa-angle-right\"><\/i><\/div>\n\t\t\t<\/div>\n\t<\/div>\n<\/div>\n\n\n\n\n<div class=\"wp-block-media-text is-stacked-on-mobile\"><figure class=\"wp-block-media-text__media\"><img loading=\"lazy\" decoding=\"async\" width=\"768\" height=\"1024\" src=\"https:\/\/lasensible.com\/wp-content\/uploads\/2024\/10\/Lionardo-def-web-768x1024.jpg\" alt=\"\" class=\"wp-image-240 size-full\" srcset=\"https:\/\/lasensible.com\/wp-content\/uploads\/2024\/10\/Lionardo-def-web-768x1024.jpg 768w, https:\/\/lasensible.com\/wp-content\/uploads\/2024\/10\/Lionardo-def-web-225x300.jpg 225w, https:\/\/lasensible.com\/wp-content\/uploads\/2024\/10\/Lionardo-def-web-1152x1536.jpg 1152w, https:\/\/lasensible.com\/wp-content\/uploads\/2024\/10\/Lionardo-def-web-1536x2048.jpg 1536w, https:\/\/lasensible.com\/wp-content\/uploads\/2024\/10\/Lionardo-def-web-45x60.jpg 45w, https:\/\/lasensible.com\/wp-content\/uploads\/2024\/10\/Lionardo-def-web.jpg 1772w\" sizes=\"auto, (max-width: 768px) 100vw, 768px\" \/><\/figure><div class=\"wp-block-media-text__content\">\n<p><strong>Production : <\/strong>Cie La Sensible<\/p>\n\n\n\n<p><strong>Accueil en r\u00e9sidence<\/strong> : Association Castel Vie et Joie \u00e0 Ch\u00e2teauvieux. (41), la Villa Mais d&rsquo;Ici \u00e0 Aubervillers. (93)<\/p>\n\n\n\n<p>Cr\u00e9ation des masques en Argentine avec Alfredo Iriarte et Gabriela Gustavino.<\/p>\n\n\n\n<p><strong>Soutiens <\/strong>: R\u00e9gion Centre dans le cadre du PACT.<\/p>\n\n\n\n<p>Cr\u00e9ation en duo 2012. Adaptation en trio en 2016.<\/p>\n<\/div><\/div>\n\n\n\n<p>Cr\u00e9dit Affiche : Julia Chausson.<\/p>\n\n\n\n<p><strong>Document pro<\/strong> <strong>\u00e0 t\u00e9l\u00e9charger<\/strong><\/p>\n\n\n\n<p><a href=\"https:\/\/lasensible.com\/wp-content\/uploads\/2024\/11\/Leonardo-DP-2022-web.pdf\">Dossier de presse<\/a><\/p>\n\n\n\n<p><a href=\"https:\/\/lasensible.com\/wp-content\/uploads\/2024\/10\/Circo-Pirulo-Solo-FT-2024-rue.pdf\">Fiche technique<\/a><\/p>\n\n\n\n<p>Affiche et Photos HD<\/p>\n\n\n\n<div class=\"wp-block-buttons is-content-justification-center is-layout-flex wp-container-core-buttons-is-layout-16018d1d wp-block-buttons-is-layout-flex\">\n<div class=\"wp-block-button\"><a class=\"wp-block-button__link wp-element-button\" href=\"https:\/\/lasensible.com\/?page_id=7\">Contacts<\/a><\/div>\n\n\n\n<div class=\"wp-block-button\"><a class=\"wp-block-button__link wp-element-button\" href=\"https:\/\/lasensible.com\/?page_id=266\">Calendrier<\/a><\/div>\n<\/div>\n","protected":false},"excerpt":{"rendered":"","protected":false},"author":1,"featured_media":0,"parent":0,"menu_order":0,"comment_status":"closed","ping_status":"closed","template":"","meta":{"footnotes":""},"class_list":["post-358","page","type-page","status-publish","hentry","latest_post"],"_links":{"self":[{"href":"https:\/\/lasensible.com\/index.php?rest_route=\/wp\/v2\/pages\/358","targetHints":{"allow":["GET"]}}],"collection":[{"href":"https:\/\/lasensible.com\/index.php?rest_route=\/wp\/v2\/pages"}],"about":[{"href":"https:\/\/lasensible.com\/index.php?rest_route=\/wp\/v2\/types\/page"}],"author":[{"embeddable":true,"href":"https:\/\/lasensible.com\/index.php?rest_route=\/wp\/v2\/users\/1"}],"replies":[{"embeddable":true,"href":"https:\/\/lasensible.com\/index.php?rest_route=%2Fwp%2Fv2%2Fcomments&post=358"}],"version-history":[{"count":1,"href":"https:\/\/lasensible.com\/index.php?rest_route=\/wp\/v2\/pages\/358\/revisions"}],"predecessor-version":[{"id":360,"href":"https:\/\/lasensible.com\/index.php?rest_route=\/wp\/v2\/pages\/358\/revisions\/360"}],"wp:attachment":[{"href":"https:\/\/lasensible.com\/index.php?rest_route=%2Fwp%2Fv2%2Fmedia&parent=358"}],"curies":[{"name":"wp","href":"https:\/\/api.w.org\/{rel}","templated":true}]}}