{"id":389,"date":"2024-11-15T13:10:23","date_gmt":"2024-11-15T12:10:23","guid":{"rendered":"http:\/\/lasensible.com\/?page_id=389"},"modified":"2026-03-03T14:07:10","modified_gmt":"2026-03-03T13:07:10","slug":"en-tournee","status":"publish","type":"page","link":"https:\/\/lasensible.com\/?page_id=389","title":{"rendered":"CALENDRIER"},"content":{"rendered":"<div ><style id=\"wp_carousel_dynamic_css464\">#sp-wp-carousel-free-id-464.sp-wpcp-464 .wpcp-single-item {border: 1px solid #dddddd;}#sp-wp-carousel-free-id-464.sp-wpcp-464 .swiper-button-prev,#sp-wp-carousel-free-id-464.sp-wpcp-464 .swiper-button-next,#sp-wp-carousel-free-id-464.sp-wpcp-464 .swiper-button-prev:hover,#sp-wp-carousel-free-id-464.sp-wpcp-464 .swiper-button-next:hover {background: none;border: none;font-size: 30px;}#sp-wp-carousel-free-id-464.sp-wpcp-464 .swiper-button-prev i,#sp-wp-carousel-free-id-464.sp-wpcp-464 .swiper-button-next i {color: #aaa;}#sp-wp-carousel-free-id-464.sp-wpcp-464 .swiper-button-prev i:hover,#sp-wp-carousel-free-id-464.sp-wpcp-464 .swiper-button-next i:hover {color: #178087;}#sp-wp-carousel-free-id-464.sp-wpcp-464 .wpcp-swiper-dots .swiper-pagination-bullet {background-color: #cccccc;}#sp-wp-carousel-free-id-464.sp-wpcp-464 .wpcp-swiper-dots .swiper-pagination-bullet.swiper-pagination-bullet-active {background-color: #178087;} #sp-wp-carousel-free-id-464.sp-wpcp-464.wpcp-image-carousel .wpcp-single-item:hover img, #sp-wp-carousel-free-id-464.sp-wpcp-464.wpcp-post-carousel .wpcp-single-item:hover img, #sp-wp-carousel-free-id-464.sp-wpcp-464.wpcp-product-carousel .wpcp-single-item:hover img{-webkit-transform: scale(1.2);-moz-transform: scale(1.2);transform: scale(1.2);}#sp-wp-carousel-free-id-464 .wpcpro-row>[class*=\"wpcpro-col-\"] { padding: 0 10px; padding-bottom: 20px;}@media (min-width: 480px) { .wpcpro-row .wpcpro-col-sm-1 { flex: 0 0 100%; max-width: 100%; } .wpcpro-row .wpcpro-col-sm-2 { flex: 0 0 50%; max-width: 50%; } .wpcpro-row .wpcpro-col-sm-2-5 { flex: 0 0 75%; max-width: 75%; } .wpcpro-row .wpcpro-col-sm-3 { flex: 0 0 33.333%; max-width: 33.333%; } .wpcpro-row .wpcpro-col-sm-4 { flex: 0 0 25%; max-width: 25%; } .wpcpro-row .wpcpro-col-sm-5 { flex: 0 0 20%; max-width: 20%; } .wpcpro-row .wpcpro-col-sm-6 { flex: 0 0 16.66666666666667%; max-width: 16.66666666666667%; } .wpcpro-row .wpcpro-col-sm-7 { flex: 0 0 14.28571428%; max-width: 14.28571428%; } .wpcpro-row .wpcpro-col-sm-8 { flex: 0 0 12.5%; max-width: 12.5%; } } @media (max-width: 480px) { .wpcpro-row .wpcpro-col-xs-1 { flex: 0 0 100%; max-width: 100%; } .wpcpro-row .wpcpro-col-xs-2 { flex: 0 0 50%; max-width: 50%; } .wpcpro-row .wpcpro-col-xs-3 { flex: 0 0 33.222%; max-width: 33.222%; } .wpcpro-row .wpcpro-col-xs-4 { flex: 0 0 25%; max-width: 25%; } .wpcpro-row .wpcpro-col-xs-5 { flex: 0 0 20%; max-width: 20%; } .wpcpro-row .wpcpro-col-xs-6 { flex: 0 0 16.6667%; max-width: 16.6667%; } .wpcpro-row .wpcpro-col-xs-7 { flex: 0 0 14.28571428%; max-width: 14.28571428%; } .wpcpro-row .wpcpro-col-xs-8 { flex: 0 0 12.5%; max-width: 12.5%; } } @media (min-width: 736px) { .wpcpro-row .wpcpro-col-md-1 { flex: 0 0 100%; max-width: 100%; } .wpcpro-row .wpcpro-col-md-2 { flex: 0 0 50%; max-width: 50%; } .wpcpro-row .wpcpro-col-md-2-5 { flex: 0 0 75%; max-width: 75%; } .wpcpro-row .wpcpro-col-md-3 { flex: 0 0 33.333%; max-width: 33.333%; } .wpcpro-row .wpcpro-col-md-4 { flex: 0 0 25%; max-width: 25%; } .wpcpro-row .wpcpro-col-md-5 { flex: 0 0 20%; max-width: 20%; } .wpcpro-row .wpcpro-col-md-6 { flex: 0 0 16.66666666666667%; max-width: 16.66666666666667%; } .wpcpro-row .wpcpro-col-md-7 { flex: 0 0 14.28571428%; max-width: 14.28571428%; } .wpcpro-row .wpcpro-col-md-8 { flex: 0 0 12.5%; max-width: 12.5%; } } @media (min-width: 980px) { .wpcpro-row .wpcpro-col-lg-1 { flex: 0 0 100%; max-width: 100%; } .wpcpro-row .wpcpro-col-lg-2 { flex: 0 0 50%; max-width: 50%; } .wpcpro-row .wpcpro-col-lg-3 { flex: 0 0 33.222%; max-width: 33.222%; } .wpcpro-row .wpcpro-col-lg-4 { flex: 0 0 25%; max-width: 25%; } .wpcpro-row .wpcpro-col-lg-5 { flex: 0 0 20%; max-width: 20%; } .wpcpro-row .wpcpro-col-lg-6 { flex: 0 0 16.6667%; max-width: 16.6667%; } .wpcpro-row .wpcpro-col-lg-7 { flex: 0 0 14.28571428%; max-width: 14.28571428%; } .wpcpro-row .wpcpro-col-lg-8 { flex: 0 0 12.5%; max-width: 12.5%; } } @media (min-width: 1200px) { .wpcpro-row .wpcpro-col-xl-1 { flex: 0 0 100%; max-width: 100%; } .wpcpro-row .wpcpro-col-xl-2 { flex: 0 0 50%; max-width: 50%; } .wpcpro-row .wpcpro-col-xl-3 { flex: 0 0 33.22222222%; max-width: 33.22222222%; } .wpcpro-row .wpcpro-col-xl-4 { flex: 0 0 25%; max-width: 25%; } .wpcpro-row .wpcpro-col-xl-5 { flex: 0 0 20%; max-width: 20%; } .wpcpro-row .wpcpro-col-xl-6 { flex: 0 0 16.66667%; max-width: 16.66667%; } .wpcpro-row .wpcpro-col-xl-7 { flex: 0 0 14.28571428%; max-width: 14.28571428%; } .wpcpro-row .wpcpro-col-xl-8 { flex: 0 0 12.5%; max-width: 12.5%; } }<\/style><div class=\"wpcp-carousel-wrapper wpcp-wrapper-464\">\n\t<div id=\"wpcp-preloader-464\" class=\"wpcp-carousel-preloader\"><img decoding=\"async\" src=\"https:\/\/lasensible.com\/wp-content\/plugins\/wp-carousel-free\/public\/css\/spinner.svg\" alt=\"Preloader Image\" \/><\/div>\t<div id=\"sp-wp-carousel-free-id-464\" class=\"wpcp-carousel-section sp-wpcp-464 wpcp-gallery-wrapper wpcp-image-carousel wpcp-preloader\" >\n\t\t<div class=\"wpcpro-row\">\n\t\t\t<div class=\"wpcpro-col-xs-1 wpcpro-col-sm-2  wpcpro-col-md-3 wpcpro-col-lg-4 wpcpro-col-xl-5\">\n\t<div class=\"wpcp-single-item\">\n\t\t\t<a class=\"wcp-light-box\" data-buttons='[\"close\"]' data-wpc_url='https:\/\/lasensible.com\/wp-content\/uploads\/2024\/10\/Circo-Pirulo1-1024x683.jpg' href=\"https:\/\/lasensible.com\/wp-content\/uploads\/2024\/10\/Circo-Pirulo1-1024x683.jpg\" data-fancybox=\"wpcp_view\">\n\t\t<figure>\n\t\t\t<img loading=\"lazy\" decoding=\"async\" class=\"skip-lazy\" src=\"https:\/\/lasensible.com\/wp-content\/uploads\/2024\/10\/Circo-Pirulo1-1024x683.jpg\" alt=\"Circo Pirulo1\" width=\"840\" height=\"560\">\t\t<\/figure>\n\t<\/a>\n\t\t<\/div>\n<\/div>\n\t<div class=\"wpcpro-col-xs-1 wpcpro-col-sm-2  wpcpro-col-md-3 wpcpro-col-lg-4 wpcpro-col-xl-5\">\n\t<div class=\"wpcp-single-item\">\n\t\t\t<a class=\"wcp-light-box\" data-buttons='[\"close\"]' data-wpc_url='https:\/\/lasensible.com\/wp-content\/uploads\/2024\/09\/Oiseau--1024x683.jpg' href=\"https:\/\/lasensible.com\/wp-content\/uploads\/2024\/09\/Oiseau--1024x683.jpg\" data-fancybox=\"wpcp_view\">\n\t\t<figure>\n\t\t\t<img loading=\"lazy\" decoding=\"async\" class=\"skip-lazy\" src=\"https:\/\/lasensible.com\/wp-content\/uploads\/2024\/09\/Oiseau--1024x683.jpg\" alt=\"Oiseau\" width=\"840\" height=\"560\">\t\t<\/figure>\n\t<\/a>\n\t\t<\/div>\n<\/div>\n\t<div class=\"wpcpro-col-xs-1 wpcpro-col-sm-2  wpcpro-col-md-3 wpcpro-col-lg-4 wpcpro-col-xl-5\">\n\t<div class=\"wpcp-single-item\">\n\t\t\t<a class=\"wcp-light-box\" data-buttons='[\"close\"]' data-wpc_url='https:\/\/lasensible.com\/wp-content\/uploads\/2024\/10\/CabarettO-5-\u00a9DMugica-1024x683.jpg' href=\"https:\/\/lasensible.com\/wp-content\/uploads\/2024\/10\/CabarettO-5-\u00a9DMugica-1024x683.jpg\" data-fancybox=\"wpcp_view\">\n\t\t<figure>\n\t\t\t<img loading=\"lazy\" decoding=\"async\" class=\"skip-lazy\" src=\"https:\/\/lasensible.com\/wp-content\/uploads\/2024\/10\/CabarettO-5-\u00a9DMugica-1024x683.jpg\" alt=\"CabarettO 5 \u00a9DMugica\" width=\"840\" height=\"560\">\t\t<\/figure>\n\t<\/a>\n\t\t<\/div>\n<\/div>\n\t<div class=\"wpcpro-col-xs-1 wpcpro-col-sm-2  wpcpro-col-md-3 wpcpro-col-lg-4 wpcpro-col-xl-5\">\n\t<div class=\"wpcp-single-item\">\n\t\t\t<a class=\"wcp-light-box\" data-buttons='[\"close\"]' data-wpc_url='https:\/\/lasensible.com\/wp-content\/uploads\/2024\/11\/Lionardo1-1.jpg' href=\"https:\/\/lasensible.com\/wp-content\/uploads\/2024\/11\/Lionardo1-1.jpg\" data-fancybox=\"wpcp_view\">\n\t\t<figure>\n\t\t\t<img loading=\"lazy\" decoding=\"async\" class=\"skip-lazy\" src=\"https:\/\/lasensible.com\/wp-content\/uploads\/2024\/11\/Lionardo1-1.jpg\" alt=\"Lionardo1\" width=\"840\" height=\"602\">\t\t<\/figure>\n\t<\/a>\n\t\t<\/div>\n<\/div>\n\t<div class=\"wpcpro-col-xs-1 wpcpro-col-sm-2  wpcpro-col-md-3 wpcpro-col-lg-4 wpcpro-col-xl-5\">\n\t<div class=\"wpcp-single-item\">\n\t\t\t<a class=\"wcp-light-box\" data-buttons='[\"close\"]' data-wpc_url='https:\/\/lasensible.com\/wp-content\/uploads\/2024\/10\/DSC03711D-OK-1024x683.jpg' href=\"https:\/\/lasensible.com\/wp-content\/uploads\/2024\/10\/DSC03711D-OK-1024x683.jpg\" data-fancybox=\"wpcp_view\">\n\t\t<figure>\n\t\t\t<img loading=\"lazy\" decoding=\"async\" class=\"skip-lazy\" src=\"https:\/\/lasensible.com\/wp-content\/uploads\/2024\/10\/DSC03711D-OK-1024x683.jpg\" alt=\"DSC03711D-OK\" width=\"840\" height=\"560\">\t\t<\/figure>\n\t<\/a>\n\t\t<\/div>\n<\/div>\n\t\t\t<\/div>\n\t<\/div>\n\t<\/div> <!-- \/\/ Carousel Wrapper. -->\n<\/div>\n\n\n<p class=\"has-small-font-size\" style=\"text-transform:uppercase\"><\/p>\n\n\n\n<p class=\"has-link-color has-small-font-size wp-elements-9924553c83c86da83f176e62c21d90f4\" style=\"text-transform:uppercase\"><\/p>\n\n\n\n<p class=\"has-link-color has-small-font-size wp-elements-7ff6f6dee72b032e317b98f1e7413cd1\" style=\"text-transform:none\"><\/p>\n\n\n\n<p class=\"has-link-color has-small-font-size wp-elements-7ff6f6dee72b032e317b98f1e7413cd1\" style=\"text-transform:none\"><\/p>\n\n\n\n<p class=\"has-link-color has-small-font-size wp-elements-4844e13519f352a583b898b413143263\" style=\"text-transform:none\">JANV 2026 <\/p>\n\n\n\n<p class=\"has-vivid-cyan-blue-color has-text-color has-link-color has-small-font-size wp-elements-f89bf169b04ee6affe168ae232c7cc59\" style=\"text-transform:none\">5 au 10 janvier <strong>Voir le loup (Version duo)<\/strong>. R\u00e9sidence Voir le loupII Espace Jacques Villeret \u00e0 Tours (37).<\/p>\n\n\n\n<p class=\"has-luminous-vivid-amber-color has-text-color has-link-color has-small-font-size wp-elements-8b5448108b00f636a21248bd39c7df77\" style=\"text-transform:none\">24 janv. <strong>L\u00e9on, du vent dans les plumes<\/strong>. Noyons (60<em>) <\/em>\u00e0 10h30 et 14h30. <\/p>\n\n\n\n<p class=\"has-vivid-red-color has-text-color has-link-color has-small-font-size wp-elements-5fc9f9996c2f1cb4276db202eba3f2a2\">30 janv. <strong>Circo Pirulo<\/strong> &#8211; Th\u00e9\u00e2tre en herbe (28) \u00e0 20h. <\/p>\n\n\n\n<p class=\"has-link-color has-small-font-size wp-elements-f1967e4b1c74830c7d2f17b7a4626bac\" style=\"text-transform:none\">FEV 2026<\/p>\n\n\n\n<p class=\"has-vivid-cyan-blue-color has-text-color has-link-color has-small-font-size wp-elements-266f9e7de2219d8925a6f909541a3e96\" style=\"text-transform:none\">7 fev. <strong>Voir le loup Version solo<\/strong>. Auditorium \u00e0 Val d&rsquo;Europe (77) \u00e0 20H30 <\/p>\n\n\n\n<p class=\"has-vivid-cyan-blue-color has-text-color has-link-color has-small-font-size wp-elements-8594041c97604c8ccce08105292442b5\" style=\"text-transform:none\">10 fev. <strong>Voir le loup<\/strong> Version solo<em> <\/em><strong>Th\u00e9\u00e2tre de Nogent le Rotrou<\/strong> (28). \u00e0 10h30 et 14h30.<em> <\/em><\/p>\n\n\n\n<p class=\"has-vivid-purple-color has-text-color has-link-color has-small-font-size wp-elements-05b77ba2e9fc427760bcfe24820ca196\" style=\"text-transform:none\">14 fev. <strong>Qui a croqu\u00e9 ma pomme ?<\/strong> M\u00e9diath\u00e8que d&rsquo;Ezanville. (95). \u00e0 9h45 et 11h. <\/p>\n\n\n\n<p class=\"has-vivid-cyan-blue-color has-text-color has-link-color has-small-font-size wp-elements-be9e0ec8a4c4d67e298eccc8f0249839\" style=\"text-transform:none\">20 fev. <strong>Voir le loup<\/strong> Version solo Festival <strong>Vite au th\u00e9\u00e2tre,<\/strong> <strong>th\u00e9\u00e2tre Nicolas Peskine<\/strong> \u00e0 Blois (41). \u00e0 10h.<\/p>\n\n\n\n<p class=\"has-link-color has-small-font-size wp-elements-b1c088ca1ea35efee04cf9eb3377b326\" style=\"text-transform:none\">MARS 2026<\/p>\n\n\n\n<p class=\"has-vivid-cyan-blue-color has-text-color has-link-color has-small-font-size wp-elements-ff963b068c1cd718eba059f45fda09e2\" style=\"text-transform:none\">9 au 13 mars. <strong>Voir le loup (Version duo)<\/strong>. R\u00e9sidence <strong>Voir le loup II<\/strong> Th\u00e9\u00e2tre du Grand Orme (41). <\/p>\n\n\n\n<p class=\"has-vivid-cyan-blue-color has-text-color has-link-color has-small-font-size wp-elements-a5ab8d676c165870609768d63f60e8f8\" style=\"text-transform:none\"><mark style=\"background-color:rgba(0, 0, 0, 0)\" class=\"has-inline-color has-light-green-cyan-color\">Du 16 au 20 mars. Pura Vida, l&rsquo;Homme Carnaval. R\u00e9sidence \u00e0 LouHenrie (41)<\/mark><\/p>\n\n\n\n<p class=\"has-vivid-purple-color has-text-color has-link-color has-small-font-size wp-elements-e2ec06d6b03648e482b74f29772a8822\" style=\"text-transform:none\">19 mars <strong>Qui a croqu\u00e9 ma pomme ?<\/strong> \u00e0 Chennevi\u00e8res (94) \u00e0 10h <\/p>\n\n\n\n<p class=\"has-vivid-purple-color has-text-color has-link-color has-small-font-size wp-elements-44da01c30dd1b3905b49b5dcd63e4213\" style=\"text-transform:none\">21 mars <strong>Qui a croqu\u00e9 ma pomme ?<\/strong> \u00e0 Alfortville (94) \u00e0 10h et 11h.<\/p>\n\n\n\n<p class=\"has-vivid-cyan-blue-color has-text-color has-link-color has-small-font-size wp-elements-201248680bd9e1bf719d8cf7ff8f490c\" style=\"text-transform:none\">18 mars. <strong>Voir le loup Version solo<\/strong>. Festival Livre comme l&rsquo;air. M\u00e9diath\u00e8que Anna Langfus de Sarcelles (95) \u00e0 10h30.<\/p>\n\n\n\n<p class=\"has-vivid-cyan-blue-color has-text-color has-link-color has-small-font-size wp-elements-21787323b01846f096ce06d6fbe5a9d9\" style=\"text-transform:none\">18 mars. <strong>Voir le loup Version solo<\/strong>.  Festival Livre comme l&rsquo;air. M\u00e9diath\u00e8que de Coulanges \u00e0 Gonesse (95) \u00e0 15h.<\/p>\n\n\n\n<p class=\"has-vivid-cyan-blue-color has-text-color has-link-color has-small-font-size wp-elements-023ae984a57d497df97cb46a9ef9d81e\" style=\"text-transform:none\">21 mars. <strong>Voir le loup Version solo<\/strong>.  Festival Livre comme l&rsquo;air. Auditorium de la m\u00e9diath\u00e8que Simone Veil \u00e0 Sarcelles, (95) \u00e0 14h30  <\/p>\n\n\n\n<p class=\"has-vivid-purple-color has-text-color has-link-color has-small-font-size wp-elements-49e05df53212ff0a91a29ba2eaa4d369\" style=\"text-transform:none\">26 mars. <strong>Qui a croqu\u00e9 ma pomme ?<\/strong> \u00e0 Ormesson (94) \u00e0 10h. <em>(cr\u00e8ches)<\/em><\/p>\n\n\n\n<p class=\"has-vivid-purple-color has-text-color has-link-color has-small-font-size wp-elements-bf2a38a05f1a998e25cf6d96f35f0638\" style=\"text-transform:none\">28 mars. <strong>Qui a croqu\u00e9 ma pomme ?<\/strong> \u00e0 Ormesson (94) \u00e0 10h30<em> (tout public)<\/em><\/p>\n\n\n\n<p class=\"has-vivid-cyan-blue-color has-text-color has-link-color has-small-font-size wp-elements-43ff460b50c593f877db43eaf67383c9\" style=\"text-transform:none\">28 mars.<strong> Voir le loup (Version duo)<\/strong> Espace Jacques Villeret. Festival Bruissements d&rsquo;elles. (37). \u00e0 15h30<\/p>\n\n\n\n<p class=\"has-link-color has-small-font-size wp-elements-aa73a932c5dda6d8f11464fcd6e93484\" style=\"text-transform:none\">AVRIL 2026<\/p>\n\n\n\n<p class=\"has-vivid-cyan-blue-color has-text-color has-link-color has-small-font-size wp-elements-b211fbc41ae12c2442e87c9799ecf856\" style=\"text-transform:none\"><mark style=\"background-color:rgba(0, 0, 0, 0)\" class=\"has-inline-color has-light-green-cyan-color\">Du 6 au 10 avril. Pura Vida, l&rsquo;Homme Carnaval. R\u00e9sidence  \u00e0 Chemery (41).<\/mark><\/p>\n\n\n\n<p class=\"has-vivid-cyan-blue-color has-text-color has-link-color has-small-font-size wp-elements-d5bfa9cbdf38bc1866ab148f7e7b1188\" style=\"text-transform:none\">8 avril. <strong>Voir le loup (Version duo)<\/strong> Espace Malraux (37) \u00e0 15h<\/p>\n\n\n\n<p class=\"has-vivid-cyan-blue-color has-text-color has-link-color has-small-font-size wp-elements-c96a78975aa8556da15679ce6034a7a6\" style=\"text-transform:none\">9 avril. <strong>Voir le loup (Version duo)<\/strong> Espace Malraux (37) \u00e0 9h45 et 14h30<\/p>\n\n\n\n<p class=\"has-luminous-vivid-amber-color has-text-color has-link-color has-small-font-size wp-elements-1c436b669ef16f4a6dd8a49f7a93b0ec\" style=\"text-transform:none\">11 avril. <strong>L\u00e9on, du vent dans les plumes<\/strong>. \u00e0 Orsay (91) <\/p>\n\n\n\n<p class=\"has-link-color has-small-font-size wp-elements-73fbad8bd7315d3b7637cb049a87ae12\" style=\"text-transform:none\">MAI 2026 <\/p>\n\n\n\n<p class=\"has-vivid-cyan-blue-color has-text-color has-link-color has-small-font-size wp-elements-14ebe5a31cf78ca235504398ee2a601d\" style=\"text-transform:none\"><mark style=\"background-color:rgba(0, 0, 0, 0)\" class=\"has-inline-color has-light-green-cyan-color\">Du 4 au 8 mai. Pura Vida, l&rsquo;Homme Carnaval. R\u00e9sidence \u00e0 la Pratique \u00e0 Vatan (36). Sortie de r\u00e9sidence le 7 mai \u00e0 19h.  <\/mark><\/p>\n\n\n\n<p class=\"has-vivid-cyan-blue-color has-text-color has-link-color has-small-font-size wp-elements-8e61f6eaf31aa356b18156fef66a4494\" style=\"text-transform:none\">6 mai.  <strong>Voir le loup (version solo)<\/strong> Centre culturel Joseph Kesselet. Villepinte (93). \u00e0 14h30<\/p>\n\n\n\n<p class=\"has-vivid-cyan-blue-color has-text-color has-link-color has-small-font-size wp-elements-c90b01b347afcc18002f6675560f08fe\" style=\"text-transform:none\">7 mai. <strong>Voir le loup (version solo)<\/strong> Centre culturel Joseph Kesselet. Villepinte (93). \u00e0 14h30<\/p>\n\n\n\n<p class=\"has-vivid-purple-color has-text-color has-link-color has-small-font-size wp-elements-575bf3d2fcc0f09f0a057772f0b1a808\" style=\"text-transform:none\">6 mai. <strong>Qui a croqu\u00e9 ma pomme ?<\/strong> Festival petite enfance \/ m\u00e9diath\u00e8que Les Lavandi\u00e8res de Leuville sur Orge.. (91). \u00e0 10h30<\/p>\n\n\n\n<p class=\"has-vivid-purple-color has-text-color has-link-color has-small-font-size wp-elements-eaa6d5f404f6da0e310e70ccd8560c7a\" style=\"text-transform:none\">9 mai. <strong>Qui a croqu\u00e9 ma pomme ?<\/strong> Festival petite enfance \/ m\u00e9diath\u00e8que Andr\u00e9 Chedid de Villemoisson sur Orge.. (91). \u00e0 16h30.<\/p>\n\n\n\n<p class=\"has-vivid-red-color has-text-color has-link-color has-small-font-size wp-elements-a2524734fcad9ffc03dcf0e8692831d1\">28 mai : <strong>Circo Pirulo<\/strong> au festival du Libre \u00e0 Aulnay sous bois. Biblioth\u00e8que Elsa Triolet (93) \u00e0 10h <\/p>\n\n\n\n<p class=\"has-vivid-purple-color has-text-color has-link-color has-small-font-size wp-elements-71f38c42b8a6ed8859d314442a669d1d\" style=\"text-transform:none\">29 mai. <strong>Qui a croqu\u00e9 ma pomme ?<\/strong> Festival petite enfance \/ m\u00e9diath\u00e8que d&rsquo;Ollainville. (91). \u00e0 16h30.<\/p>\n\n\n\n<p class=\"has-vivid-cyan-blue-color has-text-color has-link-color has-small-font-size wp-elements-ce10c16e4a20cb6792325330fce7e88b\" style=\"text-transform:none\"><mark style=\"background-color:rgba(0, 0, 0, 0)\" class=\"has-inline-color has-pale-pink-color\">30 mai : Batucada Tik y toca \u00e0 F\u00eate de la bi\u00e8re \u00e0 C\u00e9r\u00e9 La Ronde (37). <\/mark><\/p>\n\n\n\n<p class=\"has-link-color has-small-font-size wp-elements-6e59b657753cc490d684479ad102c095\" style=\"text-transform:none\">JUIN 2026 <\/p>\n\n\n\n<p class=\"has-luminous-vivid-orange-color has-text-color has-link-color has-small-font-size wp-elements-6ebabf78f4e988eea4a6edd40c5ff7a6\" style=\"text-transform:none\">6 juin. CabarettO &#8211; Festival de Mesland (41) <\/p>\n\n\n\n<p class=\"has-vivid-cyan-blue-color has-text-color has-link-color has-small-font-size wp-elements-4ad4ee6db55b8c92a8be4b8d4c9255f4\" style=\"text-transform:none\"><mark style=\"background-color:rgba(0, 0, 0, 0)\" class=\"has-inline-color has-pale-pink-color\">2<mark style=\"background-color:rgba(0, 0, 0, 0)\" class=\"has-inline-color has-pale-pink-color\">0 juin : Batucada Tik y toca \u00e0 Montrichard (41)<\/mark>. <\/mark><\/p>\n\n\n\n<p class=\"has-vivid-red-color has-text-color has-link-color has-small-font-size wp-elements-b729c9c079999126e53d725d24a2f723\">28 juin : <strong>Circo Pirulo<\/strong> \u00e0 la f\u00eate de la nature \u00e0 Villentrois (36). <\/p>\n\n\n\n<p class=\"has-link-color has-small-font-size wp-elements-5975e3c8bc98e60bbc2d93ffd2830163\" style=\"text-transform:none\">JUILLET 2026 <\/p>\n\n\n\n<p class=\"has-vivid-purple-color has-text-color has-link-color has-small-font-size wp-elements-ca285cbccb1513aeeff8a6395c277758\" style=\"text-transform:none\">1er juil. <strong>Qui a croqu\u00e9 ma pomme ?<\/strong> MCL de Taverny (95)<\/p>\n\n\n\n<p class=\"has-vivid-purple-color has-text-color has-link-color has-small-font-size wp-elements-1845375d479eaba69d3a807ace3df03f\" style=\"text-transform:none\">2 juil. <strong>Qui a croqu\u00e9 ma pomme ?<\/strong> Maison d&rsquo;arr\u00eat de Fleury M\u00e9rogis. (91) \u00e0 16h. <\/p>\n\n\n\n<p class=\"has-vivid-cyan-blue-color has-text-color has-link-color has-small-font-size wp-elements-9625b63836b22c25103bb868a9975386\" style=\"text-transform:none\">Du 8 au 23 juillet. Voir le loup (version duo) Cour du spectateur \u00e0 Avignon. \u00e0 9h50<\/p>\n\n\n\n<p class=\"has-luminous-vivid-orange-color has-text-color has-link-color has-small-font-size wp-elements-2af8327defb677b6abcc9406a903ccec\" style=\"text-transform:none\">16 juil. <strong>CabarettO<\/strong> Festival les Montoirieuses \u00e0 Montoire-sur-le Loir (41)<\/p>\n\n\n\n<p class=\"has-luminous-vivid-orange-color has-text-color has-link-color has-small-font-size wp-elements-f2f8fe3da4b50ea3d425868b5b13280f\" style=\"text-transform:none\">17 juil. <strong>CabarettO. <\/strong>Festival de Th\u00e9\u00e2tre aux lavoirs. Ponc\u00e9 sur le Loir (72). <\/p>\n\n\n\n<p class=\"has-vivid-cyan-blue-color has-text-color has-link-color has-small-font-size wp-elements-4903eb2ee1b47a2157caa9145eba3ccc\" style=\"text-transform:none\"><mark style=\"background-color:rgba(0, 0, 0, 0)\" class=\"has-inline-color has-pale-pink-color\">25 juil. : Batucada Tik y toca \u00e0 Monthou sur Cher (41).<\/mark><\/p>\n\n\n\n<p class=\"has-link-color has-small-font-size wp-elements-16eb11730bce6427a173ebb97ea8b410\" style=\"text-transform:none\">AOUT 2026 <\/p>\n\n\n\n<p class=\"has-vivid-red-color has-text-color has-link-color has-small-font-size wp-elements-c3dfda9e64efff519adf7835c02f9627\">Du 19 au 22 aout : <strong>Circo Pirulo <\/strong>dans la Cour du spectateur au Festival d\u2019Aurillac (option). <\/p>\n\n\n\n<p class=\"has-link-color has-small-font-size wp-elements-ffec138b59906360305c8dad8058e94b\" style=\"text-transform:none\">SEPTEMBRE 2026 <\/p>\n\n\n\n<p class=\"has-luminous-vivid-orange-color has-text-color has-link-color has-small-font-size wp-elements-89f3f4dd36b6b4d09e110535ce5dd389\" style=\"text-transform:none\">20 sept. CabarettO. Cheverny (41). Avec Festill\u00e9simes41.\u00a0<\/p>\n\n\n\n<p class=\"has-link-color has-small-font-size wp-elements-1e293114035935f29df6a96e808cf281\" style=\"text-transform:none\">OCTOBRE 2026 <\/p>\n\n\n\n<p class=\"has-luminous-vivid-amber-color has-text-color has-link-color has-small-font-size wp-elements-cd9c453ebcd1f970ca604843ea8af428\" style=\"text-transform:none\">4 oct. <strong>L\u00e9on, du vent dans les plumes<\/strong>. Senlis (60). Festival du livre jeunesse. X2 repr\u00e9sentations. <\/p>\n\n\n\n<p class=\"has-vivid-red-color has-text-color has-link-color has-small-font-size wp-elements-5439980262b87effe5e114fca521515b\">13 oct : <strong>Circo Pirulo<\/strong> \u00e0 Lucay le m\u00e2le (36). Avec la <a href=\"http:\/\/com.com\">com.com<\/a> Ecueill\u00e9 \u2013 Valen\u00e7ay<\/p>\n\n\n\n<p class=\"has-link-color has-small-font-size wp-elements-9529e6e1b81f47180bf1ba3815b1f731\" style=\"text-transform:none\">NOVEMBRE 2026<\/p>\n\n\n\n<p class=\"has-luminous-vivid-amber-color has-text-color has-link-color has-small-font-size wp-elements-e2e6a9cd6a96f205e9b5b5878e4e2119\" style=\"text-transform:none\">4 et 5 nov.  <strong>L\u00e9on, du vent dans les plumes<\/strong>. V\u00e9soul (70) Biblioth\u00e8que d\u00e9partementale de la Haute Sa\u00f4ne. Label Premi\u00e8res Pages. X3 repr\u00e9sentations <\/p>\n\n\n\n<p class=\"has-vivid-purple-color has-text-color has-link-color has-small-font-size wp-elements-e148e7a314e0ddf51ff062aa4cd5fe57\" style=\"text-transform:none\">6 nov. <strong>Qui a croqu\u00e9 ma pomme ?<\/strong> RAM de Valen\u00e7ay (option)<\/p>\n\n\n\n<p class=\"has-luminous-vivid-amber-color has-text-color has-link-color has-small-font-size wp-elements-a1e648e3667f665c26ede0cfeb683c66\" style=\"text-transform:none\"><strong>L\u00e9on, du vent dans les plumes<\/strong> \u00e0 la biblioth\u00e8que de Saint Pierre des corps (37).\u00a0<\/p>\n\n\n\n<p class=\"has-luminous-vivid-orange-color has-text-color has-link-color has-small-font-size wp-elements-e5411768838012019ad4d9e35710f305\" style=\"text-transform:none\">25 Nov. <strong>Cabarett<\/strong>O \u00e0 L\u2019Entracte \u00e0 Romorantin (41).<\/p>\n\n\n\n<p><\/p>\n\n\n\n<p><\/p>\n\n\n\n<p><\/p>\n\n\n\n<p><\/p>\n\n\n\n<p class=\"has-vivid-cyan-blue-color has-text-color has-link-color has-small-font-size wp-elements-2c7cefb8dde9bbe3cd13e198ccef21cb\" style=\"text-transform:none\"><\/p>\n\n\n\n<p><\/p>\n\n\n\n<p style=\"text-transform:uppercase\">&nbsp;<\/p>\n\n\n\n<p><\/p>\n","protected":false},"excerpt":{"rendered":"<p>JANV 2026 5 au 10 janvier Voir le loup (Version duo). R\u00e9sidence Voir le loupII Espace Jacques Villeret \u00e0 Tours (37). 24 janv. L\u00e9on, du &hellip; <\/p>\n","protected":false},"author":1,"featured_media":0,"parent":0,"menu_order":0,"comment_status":"closed","ping_status":"closed","template":"","meta":{"footnotes":""},"class_list":["post-389","page","type-page","status-publish","hentry","latest_post"],"_links":{"self":[{"href":"https:\/\/lasensible.com\/index.php?rest_route=\/wp\/v2\/pages\/389","targetHints":{"allow":["GET"]}}],"collection":[{"href":"https:\/\/lasensible.com\/index.php?rest_route=\/wp\/v2\/pages"}],"about":[{"href":"https:\/\/lasensible.com\/index.php?rest_route=\/wp\/v2\/types\/page"}],"author":[{"embeddable":true,"href":"https:\/\/lasensible.com\/index.php?rest_route=\/wp\/v2\/users\/1"}],"replies":[{"embeddable":true,"href":"https:\/\/lasensible.com\/index.php?rest_route=%2Fwp%2Fv2%2Fcomments&post=389"}],"version-history":[{"count":45,"href":"https:\/\/lasensible.com\/index.php?rest_route=\/wp\/v2\/pages\/389\/revisions"}],"predecessor-version":[{"id":778,"href":"https:\/\/lasensible.com\/index.php?rest_route=\/wp\/v2\/pages\/389\/revisions\/778"}],"wp:attachment":[{"href":"https:\/\/lasensible.com\/index.php?rest_route=%2Fwp%2Fv2%2Fmedia&parent=389"}],"curies":[{"name":"wp","href":"https:\/\/api.w.org\/{rel}","templated":true}]}}