{"id":7,"date":"2024-09-21T13:31:46","date_gmt":"2024-09-21T11:31:46","guid":{"rendered":"http:\/\/lasensible.com\/?page_id=7"},"modified":"2025-08-22T10:50:01","modified_gmt":"2025-08-22T08:50:01","slug":"contact","status":"publish","type":"page","link":"https:\/\/lasensible.com\/?page_id=7","title":{"rendered":"Contacts"},"content":{"rendered":"\n<div class=\"wp-block-columns is-layout-flex wp-container-core-columns-is-layout-9d6595d7 wp-block-columns-is-layout-flex\">\n<div class=\"wp-block-column is-layout-flow wp-block-column-is-layout-flow\">\n<div class=\"wp-block-columns is-layout-flex wp-container-core-columns-is-layout-9d6595d7 wp-block-columns-is-layout-flex\">\n<div class=\"wp-block-column is-layout-flow wp-block-column-is-layout-flow\" style=\"flex-basis:100%\">\n<figure class=\"wp-block-image size-full is-resized\"><img decoding=\"async\" src=\"https:\/\/lasensible.com\/wp-content\/uploads\/2024\/10\/location.svg\" alt=\"\" class=\"wp-image-181\" style=\"width:193px;height:auto\"\/><figcaption class=\"wp-element-caption\"><mark style=\"background-color:rgba(0, 0, 0, 0)\" class=\"has-inline-color has-black-color\">75 place de la r\u00e9publique <br>41110 Mareuil sur Cher<\/mark><\/figcaption><\/figure>\n<\/div>\n<\/div>\n<\/div>\n\n\n\n<div class=\"wp-block-column is-layout-flow wp-block-column-is-layout-flow\">\n<figure class=\"wp-block-image size-full is-resized\"><img decoding=\"async\" src=\"https:\/\/lasensible.com\/wp-content\/uploads\/2024\/10\/phone.svg\" alt=\"\" class=\"wp-image-183\" style=\"width:222px;height:auto\"\/><figcaption class=\"wp-element-caption\">Christophe Bissonnier, pr\u00e9sident<br>Paul-Andr\u00e9 Risse, tr\u00e9sorier<br><mark style=\"background-color:#ffffff\" class=\"has-inline-color has-black-color\">+ 33 6 51 23 69 39<\/mark><\/figcaption><\/figure>\n<\/div>\n\n\n\n<div class=\"wp-block-column is-layout-flow wp-block-column-is-layout-flow\">\n<figure class=\"wp-block-image size-full is-resized\"><img decoding=\"async\" src=\"https:\/\/lasensible.com\/wp-content\/uploads\/2024\/10\/mail.svg\" alt=\"\" class=\"wp-image-184\" style=\"width:219px;height:auto\"\/><figcaption class=\"wp-element-caption\"><mark style=\"background-color:rgba(0, 0, 0, 0)\" class=\"has-inline-color has-black-color\">compagnie.lasensible@gmail.com<\/mark><\/figcaption><\/figure>\n<\/div>\n<\/div>\n\n\n<h2 class=\"wp-block-post-title\">Contacts<\/h2>","protected":false},"excerpt":{"rendered":"","protected":false},"author":1,"featured_media":0,"parent":0,"menu_order":0,"comment_status":"closed","ping_status":"closed","template":"","meta":{"footnotes":""},"class_list":["post-7","page","type-page","status-publish","hentry","latest_post"],"_links":{"self":[{"href":"https:\/\/lasensible.com\/index.php?rest_route=\/wp\/v2\/pages\/7","targetHints":{"allow":["GET"]}}],"collection":[{"href":"https:\/\/lasensible.com\/index.php?rest_route=\/wp\/v2\/pages"}],"about":[{"href":"https:\/\/lasensible.com\/index.php?rest_route=\/wp\/v2\/types\/page"}],"author":[{"embeddable":true,"href":"https:\/\/lasensible.com\/index.php?rest_route=\/wp\/v2\/users\/1"}],"replies":[{"embeddable":true,"href":"https:\/\/lasensible.com\/index.php?rest_route=%2Fwp%2Fv2%2Fcomments&post=7"}],"version-history":[{"count":11,"href":"https:\/\/lasensible.com\/index.php?rest_route=\/wp\/v2\/pages\/7\/revisions"}],"predecessor-version":[{"id":700,"href":"https:\/\/lasensible.com\/index.php?rest_route=\/wp\/v2\/pages\/7\/revisions\/700"}],"wp:attachment":[{"href":"https:\/\/lasensible.com\/index.php?rest_route=%2Fwp%2Fv2%2Fmedia&parent=7"}],"curies":[{"name":"wp","href":"https:\/\/api.w.org\/{rel}","templated":true}]}}